{"id":146,"date":"2025-10-03T10:45:03","date_gmt":"2025-10-03T10:45:03","guid":{"rendered":"http:\/\/instalacions.planetaries.cat\/?page_id=146"},"modified":"2026-01-21T14:58:21","modified_gmt":"2026-01-21T14:58:21","slug":"aperez-installacions","status":"publish","type":"page","link":"https:\/\/joriarmengol.planetaries.cat\/es\/aperez-installacions\/","title":{"rendered":"APerez Instal\u00b7lacions"},"content":{"rendered":"<h1><b>Rigor<\/b><span style=\"font-weight: 400;\"> \u00b7 <\/span><b>Compromiso<\/b><span style=\"font-weight: 400;\"> \u00b7 <\/span><b>Coordinaci\u00f3n<\/b><span style=\"font-weight: 400;\"> \u00b7 <\/span><b>Confianza<\/b><\/h1>\n<p><span style=\"font-weight: 400;\"><strong>APerez Instal\u00b7lacions<\/strong> es una empresa especializada en fontaner\u00eda para proyectos industriales, comerciales y residenciales de gama alta. Con m\u00e1s de 20 a\u00f1os de experiencia, aportamos soluciones t\u00e9cnicas de calidad a promotores, constructoras y empresas que buscan a un partner fiable y orientado a la excelencia.<\/span><\/p>\n<p><span style=\"font-weight: 400;\">Nos adaptamos a las particularidades de cada proyecto, ya sean oficinas corporativas, centros comerciales, sedes bancarias o viviendas exclusivas. Sabemos que cada entorno exige m\u00e1xima calidad, seguridad y puntualidad, por lo que ofrecemos un servicio riguroso, discreto y eficaz.<\/span><\/p>\n<p><span style=\"font-weight: 400;\">Nuestra trayectoria nos ha consolidado como un referente en instalaciones complejas, donde la <\/span><b>coordinaci\u00f3n con otros agentes<\/b><span style=\"font-weight: 400;\">, el\u2019<\/span><b>atenci\u00f3n al detalle<\/b><span style=\"font-weight: 400;\"> y el\u2019<\/span><b>experiencia t\u00e9cnica<\/b><span style=\"font-weight: 400;\"> son determinantes para el \u00e9xito.<\/span><\/p>\n<p><strong>Equipo t\u00e9cnico y formaci\u00f3n constante<\/strong><br \/>\n<span style=\"font-weight: 400;\">Disponemos de un equipo altamente calificado, en formaci\u00f3n continua, preparado para hacer frente a los retos t\u00e9cnicos y normativos de los proyectos m\u00e1s exigentes.<\/span><\/p>\n<p><b>Experiencia que nos avala<br \/>\n<\/b><span style=\"font-weight: 400;\">Con una trayectoria consolidada, hemos colaborado en proyectos de alta complejidad en los \u00e1mbitos residencial, comercial, corporativo e industrial. Esta experiencia nos permite aportar soluciones adaptadas a cada entorno, con una impecable ejecuci\u00f3n y una coordinaci\u00f3n fluida con todos los agentes de la obra.<\/span><\/p>\n<h2><em><b>\u201c&quot;Somos la empresa que los t\u00e9cnicos recomiendan&quot;\u201d<\/b><\/em><\/h2>","protected":false},"excerpt":{"rendered":"<p>Rigor \u00b7 Comprom\u00eds \u00b7 Coordinaci\u00f3 \u00b7 Confian\u00e7a APerez Instal\u00b7lacions \u00e9s una empresa especialitzada en lampisteria per a projectes industrials, comercials i residencials de gamma alta. Amb m\u00e9s de 20 anys d\u2019experi\u00e8ncia, aportem solucions t\u00e8cniques de qualitat a promotors, constructores i empreses que busquen un partner fiable i orientat a l\u2019excel\u00b7l\u00e8ncia. Ens adaptem a les particularitats [&hellip;]<\/p>","protected":false},"author":2,"featured_media":742,"parent":0,"menu_order":0,"comment_status":"closed","ping_status":"closed","template":"page-qui-som.php","meta":{"_acf_changed":false,"footnotes":""},"class_list":["post-146","page","type-page","status-publish","has-post-thumbnail","hentry"],"acf":[],"yoast_head":"<!-- This site is optimized with the Yoast SEO plugin v26.9 - https:\/\/yoast.com\/product\/yoast-seo-wordpress\/ -->\n<title>APerez Instal\u00b7lacions - Jori Armengol<\/title>\n<meta name=\"robots\" content=\"index, follow, max-snippet:-1, max-image-preview:large, max-video-preview:-1\" \/>\n<link rel=\"canonical\" href=\"https:\/\/joriarmengol.planetaries.cat\/es\/aperez-installacions\/\" \/>\n<meta property=\"og:locale\" content=\"es_ES\" \/>\n<meta property=\"og:type\" content=\"article\" \/>\n<meta property=\"og:title\" content=\"APerez Instal\u00b7lacions - Jori Armengol\" \/>\n<meta property=\"og:description\" content=\"Rigor \u00b7 Comprom\u00eds \u00b7 Coordinaci\u00f3 \u00b7 Confian\u00e7a APerez Instal\u00b7lacions \u00e9s una empresa especialitzada en lampisteria per a projectes industrials, comercials i residencials de gamma alta. Amb m\u00e9s de 20 anys d\u2019experi\u00e8ncia, aportem solucions t\u00e8cniques de qualitat a promotors, constructores i empreses que busquen un partner fiable i orientat a l\u2019excel\u00b7l\u00e8ncia. Ens adaptem a les particularitats [&hellip;]\" \/>\n<meta property=\"og:url\" content=\"https:\/\/joriarmengol.planetaries.cat\/es\/aperez-installacions\/\" \/>\n<meta property=\"og:site_name\" content=\"Jori Armengol\" \/>\n<meta property=\"article:modified_time\" content=\"2026-01-21T14:58:21+00:00\" \/>\n<meta property=\"og:image\" content=\"https:\/\/joriarmengol.planetaries.cat\/wp-content\/uploads\/2026\/01\/empresa00-1-scaled.jpg\" \/>\n\t<meta property=\"og:image:width\" content=\"2560\" \/>\n\t<meta property=\"og:image:height\" content=\"1429\" \/>\n\t<meta property=\"og:image:type\" content=\"image\/jpeg\" \/>\n<meta name=\"twitter:card\" content=\"summary_large_image\" \/>\n<meta name=\"twitter:label1\" content=\"Tiempo de lectura\" \/>\n\t<meta name=\"twitter:data1\" content=\"1 minuto\" \/>\n<script type=\"application\/ld+json\" class=\"yoast-schema-graph\">{\"@context\":\"https:\/\/schema.org\",\"@graph\":[{\"@type\":\"WebPage\",\"@id\":\"https:\/\/joriarmengol.planetaries.cat\/aperez-installacions\/\",\"url\":\"https:\/\/joriarmengol.planetaries.cat\/aperez-installacions\/\",\"name\":\"APerez Instal\u00b7lacions - Jori Armengol\",\"isPartOf\":{\"@id\":\"https:\/\/joriarmengol.planetaries.cat\/#website\"},\"primaryImageOfPage\":{\"@id\":\"https:\/\/joriarmengol.planetaries.cat\/aperez-installacions\/#primaryimage\"},\"image\":{\"@id\":\"https:\/\/joriarmengol.planetaries.cat\/aperez-installacions\/#primaryimage\"},\"thumbnailUrl\":\"https:\/\/joriarmengol.planetaries.cat\/wp-content\/uploads\/2026\/01\/empresa00-1-scaled.jpg\",\"datePublished\":\"2025-10-03T10:45:03+00:00\",\"dateModified\":\"2026-01-21T14:58:21+00:00\",\"breadcrumb\":{\"@id\":\"https:\/\/joriarmengol.planetaries.cat\/aperez-installacions\/#breadcrumb\"},\"inLanguage\":\"es\",\"potentialAction\":[{\"@type\":\"ReadAction\",\"target\":[\"https:\/\/joriarmengol.planetaries.cat\/aperez-installacions\/\"]}]},{\"@type\":\"ImageObject\",\"inLanguage\":\"es\",\"@id\":\"https:\/\/joriarmengol.planetaries.cat\/aperez-installacions\/#primaryimage\",\"url\":\"https:\/\/joriarmengol.planetaries.cat\/wp-content\/uploads\/2026\/01\/empresa00-1-scaled.jpg\",\"contentUrl\":\"https:\/\/joriarmengol.planetaries.cat\/wp-content\/uploads\/2026\/01\/empresa00-1-scaled.jpg\",\"width\":2560,\"height\":1429},{\"@type\":\"BreadcrumbList\",\"@id\":\"https:\/\/joriarmengol.planetaries.cat\/aperez-installacions\/#breadcrumb\",\"itemListElement\":[{\"@type\":\"ListItem\",\"position\":1,\"name\":\"Portada\",\"item\":\"https:\/\/joriarmengol.planetaries.cat\/\"},{\"@type\":\"ListItem\",\"position\":2,\"name\":\"APerez Instal\u00b7lacions\"}]},{\"@type\":\"WebSite\",\"@id\":\"https:\/\/joriarmengol.planetaries.cat\/#website\",\"url\":\"https:\/\/joriarmengol.planetaries.cat\/\",\"name\":\"Jori Armengol\",\"description\":\"Soluciones aseguradoras a medida\",\"potentialAction\":[{\"@type\":\"SearchAction\",\"target\":{\"@type\":\"EntryPoint\",\"urlTemplate\":\"https:\/\/joriarmengol.planetaries.cat\/?s={search_term_string}\"},\"query-input\":{\"@type\":\"PropertyValueSpecification\",\"valueRequired\":true,\"valueName\":\"search_term_string\"}}],\"inLanguage\":\"es\"}]}<\/script>\n<!-- \/ Yoast SEO plugin. -->","yoast_head_json":{"title":"APerez Instal\u00b7lacions - Jori Armengol","robots":{"index":"index","follow":"follow","max-snippet":"max-snippet:-1","max-image-preview":"max-image-preview:large","max-video-preview":"max-video-preview:-1"},"canonical":"https:\/\/joriarmengol.planetaries.cat\/es\/aperez-installacions\/","og_locale":"es_ES","og_type":"article","og_title":"APerez Instal\u00b7lacions - Jori Armengol","og_description":"Rigor \u00b7 Comprom\u00eds \u00b7 Coordinaci\u00f3 \u00b7 Confian\u00e7a APerez Instal\u00b7lacions \u00e9s una empresa especialitzada en lampisteria per a projectes industrials, comercials i residencials de gamma alta. Amb m\u00e9s de 20 anys d\u2019experi\u00e8ncia, aportem solucions t\u00e8cniques de qualitat a promotors, constructores i empreses que busquen un partner fiable i orientat a l\u2019excel\u00b7l\u00e8ncia. Ens adaptem a les particularitats [&hellip;]","og_url":"https:\/\/joriarmengol.planetaries.cat\/es\/aperez-installacions\/","og_site_name":"Jori Armengol","article_modified_time":"2026-01-21T14:58:21+00:00","og_image":[{"width":2560,"height":1429,"url":"https:\/\/joriarmengol.planetaries.cat\/wp-content\/uploads\/2026\/01\/empresa00-1-scaled.jpg","type":"image\/jpeg"}],"twitter_card":"summary_large_image","twitter_misc":{"Tiempo de lectura":"1 minuto"},"schema":{"@context":"https:\/\/schema.org","@graph":[{"@type":"WebPage","@id":"https:\/\/joriarmengol.planetaries.cat\/aperez-installacions\/","url":"https:\/\/joriarmengol.planetaries.cat\/aperez-installacions\/","name":"APerez Instal\u00b7lacions - Jori Armengol","isPartOf":{"@id":"https:\/\/joriarmengol.planetaries.cat\/#website"},"primaryImageOfPage":{"@id":"https:\/\/joriarmengol.planetaries.cat\/aperez-installacions\/#primaryimage"},"image":{"@id":"https:\/\/joriarmengol.planetaries.cat\/aperez-installacions\/#primaryimage"},"thumbnailUrl":"https:\/\/joriarmengol.planetaries.cat\/wp-content\/uploads\/2026\/01\/empresa00-1-scaled.jpg","datePublished":"2025-10-03T10:45:03+00:00","dateModified":"2026-01-21T14:58:21+00:00","breadcrumb":{"@id":"https:\/\/joriarmengol.planetaries.cat\/aperez-installacions\/#breadcrumb"},"inLanguage":"es","potentialAction":[{"@type":"ReadAction","target":["https:\/\/joriarmengol.planetaries.cat\/aperez-installacions\/"]}]},{"@type":"ImageObject","inLanguage":"es","@id":"https:\/\/joriarmengol.planetaries.cat\/aperez-installacions\/#primaryimage","url":"https:\/\/joriarmengol.planetaries.cat\/wp-content\/uploads\/2026\/01\/empresa00-1-scaled.jpg","contentUrl":"https:\/\/joriarmengol.planetaries.cat\/wp-content\/uploads\/2026\/01\/empresa00-1-scaled.jpg","width":2560,"height":1429},{"@type":"BreadcrumbList","@id":"https:\/\/joriarmengol.planetaries.cat\/aperez-installacions\/#breadcrumb","itemListElement":[{"@type":"ListItem","position":1,"name":"Portada","item":"https:\/\/joriarmengol.planetaries.cat\/"},{"@type":"ListItem","position":2,"name":"APerez Instal\u00b7lacions"}]},{"@type":"WebSite","@id":"https:\/\/joriarmengol.planetaries.cat\/#website","url":"https:\/\/joriarmengol.planetaries.cat\/","name":"Jori Armengol","description":"Soluciones aseguradoras a medida","potentialAction":[{"@type":"SearchAction","target":{"@type":"EntryPoint","urlTemplate":"https:\/\/joriarmengol.planetaries.cat\/?s={search_term_string}"},"query-input":{"@type":"PropertyValueSpecification","valueRequired":true,"valueName":"search_term_string"}}],"inLanguage":"es"}]}},"_links":{"self":[{"href":"https:\/\/joriarmengol.planetaries.cat\/es\/wp-json\/wp\/v2\/pages\/146","targetHints":{"allow":["GET"]}}],"collection":[{"href":"https:\/\/joriarmengol.planetaries.cat\/es\/wp-json\/wp\/v2\/pages"}],"about":[{"href":"https:\/\/joriarmengol.planetaries.cat\/es\/wp-json\/wp\/v2\/types\/page"}],"author":[{"embeddable":true,"href":"https:\/\/joriarmengol.planetaries.cat\/es\/wp-json\/wp\/v2\/users\/2"}],"replies":[{"embeddable":true,"href":"https:\/\/joriarmengol.planetaries.cat\/es\/wp-json\/wp\/v2\/comments?post=146"}],"version-history":[{"count":73,"href":"https:\/\/joriarmengol.planetaries.cat\/es\/wp-json\/wp\/v2\/pages\/146\/revisions"}],"predecessor-version":[{"id":746,"href":"https:\/\/joriarmengol.planetaries.cat\/es\/wp-json\/wp\/v2\/pages\/146\/revisions\/746"}],"wp:featuredmedia":[{"embeddable":true,"href":"https:\/\/joriarmengol.planetaries.cat\/es\/wp-json\/wp\/v2\/media\/742"}],"wp:attachment":[{"href":"https:\/\/joriarmengol.planetaries.cat\/es\/wp-json\/wp\/v2\/media?parent=146"}],"curies":[{"name":"wp","href":"https:\/\/api.w.org\/{rel}","templated":true}]}}