{"id":251,"date":"2025-10-08T09:44:34","date_gmt":"2025-10-08T09:44:34","guid":{"rendered":"http:\/\/instalacions.planetaries.cat\/?page_id=251"},"modified":"2026-01-26T09:38:06","modified_gmt":"2026-01-26T09:38:06","slug":"installacions-electriques","status":"publish","type":"page","link":"https:\/\/joriarmengol.planetaries.cat\/es\/serveis\/installacions-electriques\/","title":{"rendered":"Instalaciones el\u00e9ctricas"},"content":{"rendered":"<p data-start=\"1215\" data-end=\"1646\">A <strong>APerez Instal\u00b7lacions<\/strong> dise\u00f1amos y ejecutamos sistemas el\u00e9ctricos a medida para espacios profesionales, comerciales e industriales con altas exigencias de seguridad, fiabilidad y funcionalidad. Ofrecemos instalaciones de baja tensi\u00f3n, cuadros el\u00e9ctricos, circuitos redundantes y sistemas de protecci\u00f3n adaptados a cada entorno: desde naves industriales a oficinas corporativas, franquicias o centros de servicios cr\u00edticos como entidades bancarias.<\/p>\n<p data-start=\"1648\" data-end=\"2041\">Trabajamos con marcas l\u00edderes del sector, integrando soluciones de iluminaci\u00f3n t\u00e9cnica, sistemas inteligentes y gesti\u00f3n centralizada, siempre con especial atenci\u00f3n a la normativa vigente (REBT) y demandas espec\u00edficas de cada proyecto. Nuestro objetivo es garantizar la m\u00e1xima seguridad, eficiencia energ\u00e9tica y una cuidada ejecuci\u00f3n, en plena coordinaci\u00f3n con el resto de oficios y equipos t\u00e9cnicos.<\/p>\n<h2 data-start=\"1648\" data-end=\"2041\"><strong>Soluciones el\u00e9ctricas a medida para oficinas, locales comerciales, naves industriales y edificios corporativos.<\/strong><\/h2>","protected":false},"excerpt":{"rendered":"<p>A APerez Instal\u00b7lacions dissenyem i executem sistemes el\u00e8ctrics a mida per a espais professionals, comercials i industrials amb altes exig\u00e8ncies de seguretat, fiabilitat i funcionalitat. Oferim instal\u00b7lacions de baixa tensi\u00f3, quadres el\u00e8ctrics, circuits redundants i sistemes de protecci\u00f3 adaptats a cada entorn: des de naus industrials fins a oficines corporatives, franqu\u00edcies o centres de serveis [&hellip;]<\/p>","protected":false},"author":2,"featured_media":611,"parent":612,"menu_order":0,"comment_status":"closed","ping_status":"closed","template":"page-producte.php","meta":{"_acf_changed":false,"footnotes":""},"class_list":["post-251","page","type-page","status-publish","has-post-thumbnail","hentry"],"acf":[],"yoast_head":"<!-- This site is optimized with the Yoast SEO plugin v26.9 - https:\/\/yoast.com\/product\/yoast-seo-wordpress\/ -->\n<title>Instal\u00b7lacions el\u00e8ctriques - Jori Armengol<\/title>\n<meta name=\"robots\" content=\"index, follow, max-snippet:-1, max-image-preview:large, max-video-preview:-1\" \/>\n<link rel=\"canonical\" href=\"https:\/\/joriarmengol.planetaries.cat\/es\/serveis\/installacions-electriques\/\" \/>\n<meta property=\"og:locale\" content=\"es_ES\" \/>\n<meta property=\"og:type\" content=\"article\" \/>\n<meta property=\"og:title\" content=\"Instal\u00b7lacions el\u00e8ctriques - Jori Armengol\" \/>\n<meta property=\"og:description\" content=\"A APerez Instal\u00b7lacions dissenyem i executem sistemes el\u00e8ctrics a mida per a espais professionals, comercials i industrials amb altes exig\u00e8ncies de seguretat, fiabilitat i funcionalitat. Oferim instal\u00b7lacions de baixa tensi\u00f3, quadres el\u00e8ctrics, circuits redundants i sistemes de protecci\u00f3 adaptats a cada entorn: des de naus industrials fins a oficines corporatives, franqu\u00edcies o centres de serveis [&hellip;]\" \/>\n<meta property=\"og:url\" content=\"https:\/\/joriarmengol.planetaries.cat\/es\/serveis\/installacions-electriques\/\" \/>\n<meta property=\"og:site_name\" content=\"Jori Armengol\" \/>\n<meta property=\"article:modified_time\" content=\"2026-01-26T09:38:06+00:00\" \/>\n<meta property=\"og:image\" content=\"https:\/\/joriarmengol.planetaries.cat\/wp-content\/uploads\/2026\/01\/Gemini_Generated_Image_6xfa0d6xfa0d6xfa-1024x559.png\" \/>\n\t<meta property=\"og:image:width\" content=\"1024\" \/>\n\t<meta property=\"og:image:height\" content=\"559\" \/>\n\t<meta property=\"og:image:type\" content=\"image\/png\" \/>\n<meta name=\"twitter:card\" content=\"summary_large_image\" \/>\n<meta name=\"twitter:label1\" content=\"Tiempo de lectura\" \/>\n\t<meta name=\"twitter:data1\" content=\"1 minuto\" \/>\n<script type=\"application\/ld+json\" class=\"yoast-schema-graph\">{\"@context\":\"https:\/\/schema.org\",\"@graph\":[{\"@type\":\"WebPage\",\"@id\":\"https:\/\/joriarmengol.planetaries.cat\/serveis\/installacions-electriques\/\",\"url\":\"https:\/\/joriarmengol.planetaries.cat\/serveis\/installacions-electriques\/\",\"name\":\"Instal\u00b7lacions el\u00e8ctriques - Jori Armengol\",\"isPartOf\":{\"@id\":\"https:\/\/joriarmengol.planetaries.cat\/#website\"},\"primaryImageOfPage\":{\"@id\":\"https:\/\/joriarmengol.planetaries.cat\/serveis\/installacions-electriques\/#primaryimage\"},\"image\":{\"@id\":\"https:\/\/joriarmengol.planetaries.cat\/serveis\/installacions-electriques\/#primaryimage\"},\"thumbnailUrl\":\"https:\/\/joriarmengol.planetaries.cat\/wp-content\/uploads\/2026\/01\/Gemini_Generated_Image_6xfa0d6xfa0d6xfa-scaled.png\",\"datePublished\":\"2025-10-08T09:44:34+00:00\",\"dateModified\":\"2026-01-26T09:38:06+00:00\",\"breadcrumb\":{\"@id\":\"https:\/\/joriarmengol.planetaries.cat\/serveis\/installacions-electriques\/#breadcrumb\"},\"inLanguage\":\"es\",\"potentialAction\":[{\"@type\":\"ReadAction\",\"target\":[\"https:\/\/joriarmengol.planetaries.cat\/serveis\/installacions-electriques\/\"]}]},{\"@type\":\"ImageObject\",\"inLanguage\":\"es\",\"@id\":\"https:\/\/joriarmengol.planetaries.cat\/serveis\/installacions-electriques\/#primaryimage\",\"url\":\"https:\/\/joriarmengol.planetaries.cat\/wp-content\/uploads\/2026\/01\/Gemini_Generated_Image_6xfa0d6xfa0d6xfa-scaled.png\",\"contentUrl\":\"https:\/\/joriarmengol.planetaries.cat\/wp-content\/uploads\/2026\/01\/Gemini_Generated_Image_6xfa0d6xfa0d6xfa-scaled.png\",\"width\":2560,\"height\":1396},{\"@type\":\"BreadcrumbList\",\"@id\":\"https:\/\/joriarmengol.planetaries.cat\/serveis\/installacions-electriques\/#breadcrumb\",\"itemListElement\":[{\"@type\":\"ListItem\",\"position\":1,\"name\":\"Portada\",\"item\":\"https:\/\/joriarmengol.planetaries.cat\/\"},{\"@type\":\"ListItem\",\"position\":2,\"name\":\"Serveis\",\"item\":\"https:\/\/joriarmengol.planetaries.cat\/serveis\/\"},{\"@type\":\"ListItem\",\"position\":3,\"name\":\"Instal\u00b7lacions el\u00e8ctriques\"}]},{\"@type\":\"WebSite\",\"@id\":\"https:\/\/joriarmengol.planetaries.cat\/#website\",\"url\":\"https:\/\/joriarmengol.planetaries.cat\/\",\"name\":\"Jori Armengol\",\"description\":\"Soluciones aseguradoras a medida\",\"potentialAction\":[{\"@type\":\"SearchAction\",\"target\":{\"@type\":\"EntryPoint\",\"urlTemplate\":\"https:\/\/joriarmengol.planetaries.cat\/?s={search_term_string}\"},\"query-input\":{\"@type\":\"PropertyValueSpecification\",\"valueRequired\":true,\"valueName\":\"search_term_string\"}}],\"inLanguage\":\"es\"}]}<\/script>\n<!-- \/ Yoast SEO plugin. -->","yoast_head_json":{"title":"Instal\u00b7lacions el\u00e8ctriques - Jori Armengol","robots":{"index":"index","follow":"follow","max-snippet":"max-snippet:-1","max-image-preview":"max-image-preview:large","max-video-preview":"max-video-preview:-1"},"canonical":"https:\/\/joriarmengol.planetaries.cat\/es\/serveis\/installacions-electriques\/","og_locale":"es_ES","og_type":"article","og_title":"Instal\u00b7lacions el\u00e8ctriques - Jori Armengol","og_description":"A APerez Instal\u00b7lacions dissenyem i executem sistemes el\u00e8ctrics a mida per a espais professionals, comercials i industrials amb altes exig\u00e8ncies de seguretat, fiabilitat i funcionalitat. Oferim instal\u00b7lacions de baixa tensi\u00f3, quadres el\u00e8ctrics, circuits redundants i sistemes de protecci\u00f3 adaptats a cada entorn: des de naus industrials fins a oficines corporatives, franqu\u00edcies o centres de serveis [&hellip;]","og_url":"https:\/\/joriarmengol.planetaries.cat\/es\/serveis\/installacions-electriques\/","og_site_name":"Jori Armengol","article_modified_time":"2026-01-26T09:38:06+00:00","og_image":[{"width":1024,"height":559,"url":"https:\/\/joriarmengol.planetaries.cat\/wp-content\/uploads\/2026\/01\/Gemini_Generated_Image_6xfa0d6xfa0d6xfa-1024x559.png","type":"image\/png"}],"twitter_card":"summary_large_image","twitter_misc":{"Tiempo de lectura":"1 minuto"},"schema":{"@context":"https:\/\/schema.org","@graph":[{"@type":"WebPage","@id":"https:\/\/joriarmengol.planetaries.cat\/serveis\/installacions-electriques\/","url":"https:\/\/joriarmengol.planetaries.cat\/serveis\/installacions-electriques\/","name":"Instal\u00b7lacions el\u00e8ctriques - Jori Armengol","isPartOf":{"@id":"https:\/\/joriarmengol.planetaries.cat\/#website"},"primaryImageOfPage":{"@id":"https:\/\/joriarmengol.planetaries.cat\/serveis\/installacions-electriques\/#primaryimage"},"image":{"@id":"https:\/\/joriarmengol.planetaries.cat\/serveis\/installacions-electriques\/#primaryimage"},"thumbnailUrl":"https:\/\/joriarmengol.planetaries.cat\/wp-content\/uploads\/2026\/01\/Gemini_Generated_Image_6xfa0d6xfa0d6xfa-scaled.png","datePublished":"2025-10-08T09:44:34+00:00","dateModified":"2026-01-26T09:38:06+00:00","breadcrumb":{"@id":"https:\/\/joriarmengol.planetaries.cat\/serveis\/installacions-electriques\/#breadcrumb"},"inLanguage":"es","potentialAction":[{"@type":"ReadAction","target":["https:\/\/joriarmengol.planetaries.cat\/serveis\/installacions-electriques\/"]}]},{"@type":"ImageObject","inLanguage":"es","@id":"https:\/\/joriarmengol.planetaries.cat\/serveis\/installacions-electriques\/#primaryimage","url":"https:\/\/joriarmengol.planetaries.cat\/wp-content\/uploads\/2026\/01\/Gemini_Generated_Image_6xfa0d6xfa0d6xfa-scaled.png","contentUrl":"https:\/\/joriarmengol.planetaries.cat\/wp-content\/uploads\/2026\/01\/Gemini_Generated_Image_6xfa0d6xfa0d6xfa-scaled.png","width":2560,"height":1396},{"@type":"BreadcrumbList","@id":"https:\/\/joriarmengol.planetaries.cat\/serveis\/installacions-electriques\/#breadcrumb","itemListElement":[{"@type":"ListItem","position":1,"name":"Portada","item":"https:\/\/joriarmengol.planetaries.cat\/"},{"@type":"ListItem","position":2,"name":"Serveis","item":"https:\/\/joriarmengol.planetaries.cat\/serveis\/"},{"@type":"ListItem","position":3,"name":"Instal\u00b7lacions el\u00e8ctriques"}]},{"@type":"WebSite","@id":"https:\/\/joriarmengol.planetaries.cat\/#website","url":"https:\/\/joriarmengol.planetaries.cat\/","name":"Jori Armengol","description":"Soluciones aseguradoras a medida","potentialAction":[{"@type":"SearchAction","target":{"@type":"EntryPoint","urlTemplate":"https:\/\/joriarmengol.planetaries.cat\/?s={search_term_string}"},"query-input":{"@type":"PropertyValueSpecification","valueRequired":true,"valueName":"search_term_string"}}],"inLanguage":"es"}]}},"_links":{"self":[{"href":"https:\/\/joriarmengol.planetaries.cat\/es\/wp-json\/wp\/v2\/pages\/251","targetHints":{"allow":["GET"]}}],"collection":[{"href":"https:\/\/joriarmengol.planetaries.cat\/es\/wp-json\/wp\/v2\/pages"}],"about":[{"href":"https:\/\/joriarmengol.planetaries.cat\/es\/wp-json\/wp\/v2\/types\/page"}],"author":[{"embeddable":true,"href":"https:\/\/joriarmengol.planetaries.cat\/es\/wp-json\/wp\/v2\/users\/2"}],"replies":[{"embeddable":true,"href":"https:\/\/joriarmengol.planetaries.cat\/es\/wp-json\/wp\/v2\/comments?post=251"}],"version-history":[{"count":40,"href":"https:\/\/joriarmengol.planetaries.cat\/es\/wp-json\/wp\/v2\/pages\/251\/revisions"}],"predecessor-version":[{"id":621,"href":"https:\/\/joriarmengol.planetaries.cat\/es\/wp-json\/wp\/v2\/pages\/251\/revisions\/621"}],"up":[{"embeddable":true,"href":"https:\/\/joriarmengol.planetaries.cat\/es\/wp-json\/wp\/v2\/pages\/612"}],"wp:featuredmedia":[{"embeddable":true,"href":"https:\/\/joriarmengol.planetaries.cat\/es\/wp-json\/wp\/v2\/media\/611"}],"wp:attachment":[{"href":"https:\/\/joriarmengol.planetaries.cat\/es\/wp-json\/wp\/v2\/media?parent=251"}],"curies":[{"name":"wp","href":"https:\/\/api.w.org\/{rel}","templated":true}]}}