{"id":449,"date":"2026-01-13T09:57:36","date_gmt":"2026-01-13T09:57:36","guid":{"rendered":"http:\/\/instalacions.planetaries.cat\/?page_id=449"},"modified":"2026-01-21T12:59:28","modified_gmt":"2026-01-21T12:59:28","slug":"manteniment-integral","status":"publish","type":"page","link":"https:\/\/joriarmengol.planetaries.cat\/es\/serveis\/manteniment-integral\/","title":{"rendered":"Mantenimiento integral"},"content":{"rendered":"<p>Un buen mantenimiento garantiza la continuidad del servicio y alarga la vida \u00fatil de las instalaciones. Por eso ofrecemos<strong> servicios de mantenimiento preventivo y correctivo<\/strong> para todas las instalaciones que realicemos, con protocolos personalizados seg\u00fan el tipo de edificio y su uso.<\/p>\n<p>Actuamos con <strong>rapidez, eficacia y discreci\u00f3n<\/strong>, asegurando tiempos m\u00ednimos de respuesta e intervenci\u00f3n. Nuestros servicios incluyen revisiones peri\u00f3dicas, sustituci\u00f3n de piezas, controles reglamentarios, actualizaci\u00f3n de equipos y seguimiento de indicadores clave. Ofrecemos contratos adaptados a cada cliente, ya sea una nave industrial, un edificio corporativo, una tienda o una vivienda exclusiva. Trabajamos para prevenir incidencias y garantizar que las instalaciones funcionen siempre en \u00f3ptimas condiciones.<\/p>\n<h2><strong>Prevenci\u00f3n y respuesta r\u00e1pida para garantizar el \u00f3ptimo funcionamiento de las instalaciones.<\/strong><\/h2>\n<h3 style=\"text-align: center;\"><\/h3>","protected":false},"excerpt":{"rendered":"<p>Un bon manteniment garanteix la continu\u00eftat del servei i allarga la vida \u00fatil de les instal\u00b7lacions. Per aix\u00f2 oferim serveis de manteniment preventiu i correctiu per a totes les instal\u00b7lacions que realitzem, amb protocols personalitzats segons el tipus d\u2019edifici i el seu \u00fas. Actuem amb rapidesa, efic\u00e0cia i discreci\u00f3, assegurant temps m\u00ednims de resposta i [&hellip;]<\/p>","protected":false},"author":2,"featured_media":710,"parent":612,"menu_order":0,"comment_status":"closed","ping_status":"closed","template":"page-producte.php","meta":{"_acf_changed":false,"footnotes":""},"class_list":["post-449","page","type-page","status-publish","has-post-thumbnail","hentry"],"acf":[],"yoast_head":"<!-- This site is optimized with the Yoast SEO plugin v26.9 - https:\/\/yoast.com\/product\/yoast-seo-wordpress\/ -->\n<title>Manteniment integral - Jori Armengol<\/title>\n<meta name=\"robots\" content=\"index, follow, max-snippet:-1, max-image-preview:large, max-video-preview:-1\" \/>\n<link rel=\"canonical\" href=\"https:\/\/joriarmengol.planetaries.cat\/es\/serveis\/manteniment-integral\/\" \/>\n<meta property=\"og:locale\" content=\"es_ES\" \/>\n<meta property=\"og:type\" content=\"article\" \/>\n<meta property=\"og:title\" content=\"Manteniment integral - Jori Armengol\" \/>\n<meta property=\"og:description\" content=\"Un bon manteniment garanteix la continu\u00eftat del servei i allarga la vida \u00fatil de les instal\u00b7lacions. Per aix\u00f2 oferim serveis de manteniment preventiu i correctiu per a totes les instal\u00b7lacions que realitzem, amb protocols personalitzats segons el tipus d\u2019edifici i el seu \u00fas. Actuem amb rapidesa, efic\u00e0cia i discreci\u00f3, assegurant temps m\u00ednims de resposta i [&hellip;]\" \/>\n<meta property=\"og:url\" content=\"https:\/\/joriarmengol.planetaries.cat\/es\/serveis\/manteniment-integral\/\" \/>\n<meta property=\"og:site_name\" content=\"Jori Armengol\" \/>\n<meta property=\"article:modified_time\" content=\"2026-01-21T12:59:28+00:00\" \/>\n<meta property=\"og:image\" content=\"https:\/\/joriarmengol.planetaries.cat\/wp-content\/uploads\/2026\/01\/Gemini_Generated_Image_6xfa0d6xfa0d6xfa-1-1024x559.png\" \/>\n\t<meta property=\"og:image:width\" content=\"1024\" \/>\n\t<meta property=\"og:image:height\" content=\"559\" \/>\n\t<meta property=\"og:image:type\" content=\"image\/png\" \/>\n<meta name=\"twitter:card\" content=\"summary_large_image\" \/>\n<meta name=\"twitter:label1\" content=\"Tiempo de lectura\" \/>\n\t<meta name=\"twitter:data1\" content=\"1 minuto\" \/>\n<script type=\"application\/ld+json\" class=\"yoast-schema-graph\">{\"@context\":\"https:\/\/schema.org\",\"@graph\":[{\"@type\":\"WebPage\",\"@id\":\"https:\/\/joriarmengol.planetaries.cat\/serveis\/manteniment-integral\/\",\"url\":\"https:\/\/joriarmengol.planetaries.cat\/serveis\/manteniment-integral\/\",\"name\":\"Manteniment integral - Jori Armengol\",\"isPartOf\":{\"@id\":\"https:\/\/joriarmengol.planetaries.cat\/#website\"},\"primaryImageOfPage\":{\"@id\":\"https:\/\/joriarmengol.planetaries.cat\/serveis\/manteniment-integral\/#primaryimage\"},\"image\":{\"@id\":\"https:\/\/joriarmengol.planetaries.cat\/serveis\/manteniment-integral\/#primaryimage\"},\"thumbnailUrl\":\"https:\/\/joriarmengol.planetaries.cat\/wp-content\/uploads\/2026\/01\/Gemini_Generated_Image_6xfa0d6xfa0d6xfa-1-scaled.png\",\"datePublished\":\"2026-01-13T09:57:36+00:00\",\"dateModified\":\"2026-01-21T12:59:28+00:00\",\"breadcrumb\":{\"@id\":\"https:\/\/joriarmengol.planetaries.cat\/serveis\/manteniment-integral\/#breadcrumb\"},\"inLanguage\":\"es\",\"potentialAction\":[{\"@type\":\"ReadAction\",\"target\":[\"https:\/\/joriarmengol.planetaries.cat\/serveis\/manteniment-integral\/\"]}]},{\"@type\":\"ImageObject\",\"inLanguage\":\"es\",\"@id\":\"https:\/\/joriarmengol.planetaries.cat\/serveis\/manteniment-integral\/#primaryimage\",\"url\":\"https:\/\/joriarmengol.planetaries.cat\/wp-content\/uploads\/2026\/01\/Gemini_Generated_Image_6xfa0d6xfa0d6xfa-1-scaled.png\",\"contentUrl\":\"https:\/\/joriarmengol.planetaries.cat\/wp-content\/uploads\/2026\/01\/Gemini_Generated_Image_6xfa0d6xfa0d6xfa-1-scaled.png\",\"width\":2560,\"height\":1396},{\"@type\":\"BreadcrumbList\",\"@id\":\"https:\/\/joriarmengol.planetaries.cat\/serveis\/manteniment-integral\/#breadcrumb\",\"itemListElement\":[{\"@type\":\"ListItem\",\"position\":1,\"name\":\"Portada\",\"item\":\"https:\/\/joriarmengol.planetaries.cat\/\"},{\"@type\":\"ListItem\",\"position\":2,\"name\":\"Serveis\",\"item\":\"https:\/\/joriarmengol.planetaries.cat\/serveis\/\"},{\"@type\":\"ListItem\",\"position\":3,\"name\":\"Manteniment integral\"}]},{\"@type\":\"WebSite\",\"@id\":\"https:\/\/joriarmengol.planetaries.cat\/#website\",\"url\":\"https:\/\/joriarmengol.planetaries.cat\/\",\"name\":\"Jori Armengol\",\"description\":\"Soluciones aseguradoras a medida\",\"potentialAction\":[{\"@type\":\"SearchAction\",\"target\":{\"@type\":\"EntryPoint\",\"urlTemplate\":\"https:\/\/joriarmengol.planetaries.cat\/?s={search_term_string}\"},\"query-input\":{\"@type\":\"PropertyValueSpecification\",\"valueRequired\":true,\"valueName\":\"search_term_string\"}}],\"inLanguage\":\"es\"}]}<\/script>\n<!-- \/ Yoast SEO plugin. -->","yoast_head_json":{"title":"Manteniment integral - Jori Armengol","robots":{"index":"index","follow":"follow","max-snippet":"max-snippet:-1","max-image-preview":"max-image-preview:large","max-video-preview":"max-video-preview:-1"},"canonical":"https:\/\/joriarmengol.planetaries.cat\/es\/serveis\/manteniment-integral\/","og_locale":"es_ES","og_type":"article","og_title":"Manteniment integral - Jori Armengol","og_description":"Un bon manteniment garanteix la continu\u00eftat del servei i allarga la vida \u00fatil de les instal\u00b7lacions. Per aix\u00f2 oferim serveis de manteniment preventiu i correctiu per a totes les instal\u00b7lacions que realitzem, amb protocols personalitzats segons el tipus d\u2019edifici i el seu \u00fas. Actuem amb rapidesa, efic\u00e0cia i discreci\u00f3, assegurant temps m\u00ednims de resposta i [&hellip;]","og_url":"https:\/\/joriarmengol.planetaries.cat\/es\/serveis\/manteniment-integral\/","og_site_name":"Jori Armengol","article_modified_time":"2026-01-21T12:59:28+00:00","og_image":[{"width":1024,"height":559,"url":"https:\/\/joriarmengol.planetaries.cat\/wp-content\/uploads\/2026\/01\/Gemini_Generated_Image_6xfa0d6xfa0d6xfa-1-1024x559.png","type":"image\/png"}],"twitter_card":"summary_large_image","twitter_misc":{"Tiempo de lectura":"1 minuto"},"schema":{"@context":"https:\/\/schema.org","@graph":[{"@type":"WebPage","@id":"https:\/\/joriarmengol.planetaries.cat\/serveis\/manteniment-integral\/","url":"https:\/\/joriarmengol.planetaries.cat\/serveis\/manteniment-integral\/","name":"Manteniment integral - Jori Armengol","isPartOf":{"@id":"https:\/\/joriarmengol.planetaries.cat\/#website"},"primaryImageOfPage":{"@id":"https:\/\/joriarmengol.planetaries.cat\/serveis\/manteniment-integral\/#primaryimage"},"image":{"@id":"https:\/\/joriarmengol.planetaries.cat\/serveis\/manteniment-integral\/#primaryimage"},"thumbnailUrl":"https:\/\/joriarmengol.planetaries.cat\/wp-content\/uploads\/2026\/01\/Gemini_Generated_Image_6xfa0d6xfa0d6xfa-1-scaled.png","datePublished":"2026-01-13T09:57:36+00:00","dateModified":"2026-01-21T12:59:28+00:00","breadcrumb":{"@id":"https:\/\/joriarmengol.planetaries.cat\/serveis\/manteniment-integral\/#breadcrumb"},"inLanguage":"es","potentialAction":[{"@type":"ReadAction","target":["https:\/\/joriarmengol.planetaries.cat\/serveis\/manteniment-integral\/"]}]},{"@type":"ImageObject","inLanguage":"es","@id":"https:\/\/joriarmengol.planetaries.cat\/serveis\/manteniment-integral\/#primaryimage","url":"https:\/\/joriarmengol.planetaries.cat\/wp-content\/uploads\/2026\/01\/Gemini_Generated_Image_6xfa0d6xfa0d6xfa-1-scaled.png","contentUrl":"https:\/\/joriarmengol.planetaries.cat\/wp-content\/uploads\/2026\/01\/Gemini_Generated_Image_6xfa0d6xfa0d6xfa-1-scaled.png","width":2560,"height":1396},{"@type":"BreadcrumbList","@id":"https:\/\/joriarmengol.planetaries.cat\/serveis\/manteniment-integral\/#breadcrumb","itemListElement":[{"@type":"ListItem","position":1,"name":"Portada","item":"https:\/\/joriarmengol.planetaries.cat\/"},{"@type":"ListItem","position":2,"name":"Serveis","item":"https:\/\/joriarmengol.planetaries.cat\/serveis\/"},{"@type":"ListItem","position":3,"name":"Manteniment integral"}]},{"@type":"WebSite","@id":"https:\/\/joriarmengol.planetaries.cat\/#website","url":"https:\/\/joriarmengol.planetaries.cat\/","name":"Jori Armengol","description":"Soluciones aseguradoras a medida","potentialAction":[{"@type":"SearchAction","target":{"@type":"EntryPoint","urlTemplate":"https:\/\/joriarmengol.planetaries.cat\/?s={search_term_string}"},"query-input":{"@type":"PropertyValueSpecification","valueRequired":true,"valueName":"search_term_string"}}],"inLanguage":"es"}]}},"_links":{"self":[{"href":"https:\/\/joriarmengol.planetaries.cat\/es\/wp-json\/wp\/v2\/pages\/449","targetHints":{"allow":["GET"]}}],"collection":[{"href":"https:\/\/joriarmengol.planetaries.cat\/es\/wp-json\/wp\/v2\/pages"}],"about":[{"href":"https:\/\/joriarmengol.planetaries.cat\/es\/wp-json\/wp\/v2\/types\/page"}],"author":[{"embeddable":true,"href":"https:\/\/joriarmengol.planetaries.cat\/es\/wp-json\/wp\/v2\/users\/2"}],"replies":[{"embeddable":true,"href":"https:\/\/joriarmengol.planetaries.cat\/es\/wp-json\/wp\/v2\/comments?post=449"}],"version-history":[{"count":10,"href":"https:\/\/joriarmengol.planetaries.cat\/es\/wp-json\/wp\/v2\/pages\/449\/revisions"}],"predecessor-version":[{"id":719,"href":"https:\/\/joriarmengol.planetaries.cat\/es\/wp-json\/wp\/v2\/pages\/449\/revisions\/719"}],"up":[{"embeddable":true,"href":"https:\/\/joriarmengol.planetaries.cat\/es\/wp-json\/wp\/v2\/pages\/612"}],"wp:featuredmedia":[{"embeddable":true,"href":"https:\/\/joriarmengol.planetaries.cat\/es\/wp-json\/wp\/v2\/media\/710"}],"wp:attachment":[{"href":"https:\/\/joriarmengol.planetaries.cat\/es\/wp-json\/wp\/v2\/media?parent=449"}],"curies":[{"name":"wp","href":"https:\/\/api.w.org\/{rel}","templated":true}]}}