{"id":475,"date":"2026-01-13T10:50:22","date_gmt":"2026-01-13T10:50:22","guid":{"rendered":"http:\/\/instalacions.planetaries.cat\/?page_id=475"},"modified":"2026-01-21T12:55:31","modified_gmt":"2026-01-21T12:55:31","slug":"fontaneria-i-sanejament","status":"publish","type":"page","link":"https:\/\/joriarmengol.planetaries.cat\/es\/serveis\/fontaneria-i-sanejament\/","title":{"rendered":"Fontaner\u00eda y saneamiento"},"content":{"rendered":"<p>Aportamos soluciones de fontaner\u00eda adaptadas a cada entorno: oficinas, tiendas, restaurantes, viviendas de lujo o naves industriales. Dise\u00f1amos y ejecutamos y<strong>nstalaciones de agua sanitaria fr\u00eda y caliente, sistemas de desag\u00fce, saneamiento, tratamiento de aguas y redes internas<\/strong>, garantizando un funcionamiento eficiente, discreto y adaptado a la normativa t\u00e9cnica vigente.<\/p>\n<p>Estamos especializados en espacios en los que la instalaci\u00f3n debe integrarse est\u00e9ticamente, como ba\u00f1os de oficinas corporativas, cocinas profesionales o espacios residenciales de alta gama. Utilizamos materiales duraderos, sistemas ocultos y equipos de control de caudales y presiones para garantizar el m\u00e1ximo rendimiento y ahorro. Nuestra intervenci\u00f3n se realiza siempre con el m\u00ednimo impacto sobre la obra y en coordinaci\u00f3n con el resto de equipos.<\/p>\n<h2><strong>Dise\u00f1o y ejecuci\u00f3n de sistemas de agua, desag\u00fce y saneamiento eficientes y duraderos<\/strong><\/h2>","protected":false},"excerpt":{"rendered":"<p>Aportamos soluciones de fontaner\u00eda adaptadas a cada entorno: oficinas, tiendas, restaurantes, viviendas de lujo o naves industriales. Dise\u00f1amos y ejecutamos instalaciones de agua sanitaria fr\u00eda y caliente, sistemas de desag\u00fce, saneamiento, tratamiento de aguas y redes internas, garantizando un funcionamiento eficiente, discreto y adaptado a la normativa t\u00e9cnica vigente. Estamos especializados en espacios donde la instalaci\u00f3n [...]<\/p>","protected":false},"author":2,"featured_media":717,"parent":612,"menu_order":0,"comment_status":"closed","ping_status":"closed","template":"page-producte.php","meta":{"_acf_changed":false,"footnotes":""},"class_list":["post-475","page","type-page","status-publish","has-post-thumbnail","hentry"],"acf":[],"yoast_head":"<!-- This site is optimized with the Yoast SEO plugin v26.9 - https:\/\/yoast.com\/product\/yoast-seo-wordpress\/ -->\n<title>Fontaneria i sanejament - Jori Armengol<\/title>\n<meta name=\"robots\" content=\"index, follow, max-snippet:-1, max-image-preview:large, max-video-preview:-1\" \/>\n<link rel=\"canonical\" href=\"https:\/\/joriarmengol.planetaries.cat\/es\/serveis\/fontaneria-i-sanejament\/\" \/>\n<meta property=\"og:locale\" content=\"es_ES\" \/>\n<meta property=\"og:type\" content=\"article\" \/>\n<meta property=\"og:title\" content=\"Fontaneria i sanejament - Jori Armengol\" \/>\n<meta property=\"og:description\" content=\"Aportem solucions de fontaneria adaptades a cada entorn: oficines, botigues, restaurants, habitatges de luxe o naus industrials. Dissenyem i executem instal\u00b7lacions d\u2019aigua sanit\u00e0ria freda i calenta, sistemes de desgu\u00e0s, sanejament, tractament d\u2019aig\u00fces i xarxes internes, garantint un funcionament eficient, discret i adaptat a la normativa t\u00e8cnica vigent. Estem especialitzats en espais on la instal\u00b7laci\u00f3 ha [&hellip;]\" \/>\n<meta property=\"og:url\" content=\"https:\/\/joriarmengol.planetaries.cat\/es\/serveis\/fontaneria-i-sanejament\/\" \/>\n<meta property=\"og:site_name\" content=\"Jori Armengol\" \/>\n<meta property=\"article:modified_time\" content=\"2026-01-21T12:55:31+00:00\" \/>\n<meta property=\"og:image\" content=\"https:\/\/joriarmengol.planetaries.cat\/wp-content\/uploads\/2026\/01\/Gemini_Generated_Image_6xfa0d6xfa0d6xfa-3-1024x559.png\" \/>\n\t<meta property=\"og:image:width\" content=\"1024\" \/>\n\t<meta property=\"og:image:height\" content=\"559\" \/>\n\t<meta property=\"og:image:type\" content=\"image\/png\" \/>\n<meta name=\"twitter:card\" content=\"summary_large_image\" \/>\n<meta name=\"twitter:label1\" content=\"Tiempo de lectura\" \/>\n\t<meta name=\"twitter:data1\" content=\"1 minuto\" \/>\n<script type=\"application\/ld+json\" class=\"yoast-schema-graph\">{\"@context\":\"https:\/\/schema.org\",\"@graph\":[{\"@type\":\"WebPage\",\"@id\":\"https:\/\/joriarmengol.planetaries.cat\/serveis\/fontaneria-i-sanejament\/\",\"url\":\"https:\/\/joriarmengol.planetaries.cat\/serveis\/fontaneria-i-sanejament\/\",\"name\":\"Fontaneria i sanejament - Jori Armengol\",\"isPartOf\":{\"@id\":\"https:\/\/joriarmengol.planetaries.cat\/#website\"},\"primaryImageOfPage\":{\"@id\":\"https:\/\/joriarmengol.planetaries.cat\/serveis\/fontaneria-i-sanejament\/#primaryimage\"},\"image\":{\"@id\":\"https:\/\/joriarmengol.planetaries.cat\/serveis\/fontaneria-i-sanejament\/#primaryimage\"},\"thumbnailUrl\":\"https:\/\/joriarmengol.planetaries.cat\/wp-content\/uploads\/2026\/01\/Gemini_Generated_Image_6xfa0d6xfa0d6xfa-3-scaled.png\",\"datePublished\":\"2026-01-13T10:50:22+00:00\",\"dateModified\":\"2026-01-21T12:55:31+00:00\",\"breadcrumb\":{\"@id\":\"https:\/\/joriarmengol.planetaries.cat\/serveis\/fontaneria-i-sanejament\/#breadcrumb\"},\"inLanguage\":\"es\",\"potentialAction\":[{\"@type\":\"ReadAction\",\"target\":[\"https:\/\/joriarmengol.planetaries.cat\/serveis\/fontaneria-i-sanejament\/\"]}]},{\"@type\":\"ImageObject\",\"inLanguage\":\"es\",\"@id\":\"https:\/\/joriarmengol.planetaries.cat\/serveis\/fontaneria-i-sanejament\/#primaryimage\",\"url\":\"https:\/\/joriarmengol.planetaries.cat\/wp-content\/uploads\/2026\/01\/Gemini_Generated_Image_6xfa0d6xfa0d6xfa-3-scaled.png\",\"contentUrl\":\"https:\/\/joriarmengol.planetaries.cat\/wp-content\/uploads\/2026\/01\/Gemini_Generated_Image_6xfa0d6xfa0d6xfa-3-scaled.png\",\"width\":2560,\"height\":1396},{\"@type\":\"BreadcrumbList\",\"@id\":\"https:\/\/joriarmengol.planetaries.cat\/serveis\/fontaneria-i-sanejament\/#breadcrumb\",\"itemListElement\":[{\"@type\":\"ListItem\",\"position\":1,\"name\":\"Portada\",\"item\":\"https:\/\/joriarmengol.planetaries.cat\/\"},{\"@type\":\"ListItem\",\"position\":2,\"name\":\"Serveis\",\"item\":\"https:\/\/joriarmengol.planetaries.cat\/serveis\/\"},{\"@type\":\"ListItem\",\"position\":3,\"name\":\"Fontaneria i sanejament\"}]},{\"@type\":\"WebSite\",\"@id\":\"https:\/\/joriarmengol.planetaries.cat\/#website\",\"url\":\"https:\/\/joriarmengol.planetaries.cat\/\",\"name\":\"Jori Armengol\",\"description\":\"Soluciones aseguradoras a medida\",\"potentialAction\":[{\"@type\":\"SearchAction\",\"target\":{\"@type\":\"EntryPoint\",\"urlTemplate\":\"https:\/\/joriarmengol.planetaries.cat\/?s={search_term_string}\"},\"query-input\":{\"@type\":\"PropertyValueSpecification\",\"valueRequired\":true,\"valueName\":\"search_term_string\"}}],\"inLanguage\":\"es\"}]}<\/script>\n<!-- \/ Yoast SEO plugin. -->","yoast_head_json":{"title":"Fontaneria i sanejament - Jori Armengol","robots":{"index":"index","follow":"follow","max-snippet":"max-snippet:-1","max-image-preview":"max-image-preview:large","max-video-preview":"max-video-preview:-1"},"canonical":"https:\/\/joriarmengol.planetaries.cat\/es\/serveis\/fontaneria-i-sanejament\/","og_locale":"es_ES","og_type":"article","og_title":"Fontaneria i sanejament - Jori Armengol","og_description":"Aportem solucions de fontaneria adaptades a cada entorn: oficines, botigues, restaurants, habitatges de luxe o naus industrials. Dissenyem i executem instal\u00b7lacions d\u2019aigua sanit\u00e0ria freda i calenta, sistemes de desgu\u00e0s, sanejament, tractament d\u2019aig\u00fces i xarxes internes, garantint un funcionament eficient, discret i adaptat a la normativa t\u00e8cnica vigent. Estem especialitzats en espais on la instal\u00b7laci\u00f3 ha [&hellip;]","og_url":"https:\/\/joriarmengol.planetaries.cat\/es\/serveis\/fontaneria-i-sanejament\/","og_site_name":"Jori Armengol","article_modified_time":"2026-01-21T12:55:31+00:00","og_image":[{"width":1024,"height":559,"url":"https:\/\/joriarmengol.planetaries.cat\/wp-content\/uploads\/2026\/01\/Gemini_Generated_Image_6xfa0d6xfa0d6xfa-3-1024x559.png","type":"image\/png"}],"twitter_card":"summary_large_image","twitter_misc":{"Tiempo de lectura":"1 minuto"},"schema":{"@context":"https:\/\/schema.org","@graph":[{"@type":"WebPage","@id":"https:\/\/joriarmengol.planetaries.cat\/serveis\/fontaneria-i-sanejament\/","url":"https:\/\/joriarmengol.planetaries.cat\/serveis\/fontaneria-i-sanejament\/","name":"Fontaneria i sanejament - Jori Armengol","isPartOf":{"@id":"https:\/\/joriarmengol.planetaries.cat\/#website"},"primaryImageOfPage":{"@id":"https:\/\/joriarmengol.planetaries.cat\/serveis\/fontaneria-i-sanejament\/#primaryimage"},"image":{"@id":"https:\/\/joriarmengol.planetaries.cat\/serveis\/fontaneria-i-sanejament\/#primaryimage"},"thumbnailUrl":"https:\/\/joriarmengol.planetaries.cat\/wp-content\/uploads\/2026\/01\/Gemini_Generated_Image_6xfa0d6xfa0d6xfa-3-scaled.png","datePublished":"2026-01-13T10:50:22+00:00","dateModified":"2026-01-21T12:55:31+00:00","breadcrumb":{"@id":"https:\/\/joriarmengol.planetaries.cat\/serveis\/fontaneria-i-sanejament\/#breadcrumb"},"inLanguage":"es","potentialAction":[{"@type":"ReadAction","target":["https:\/\/joriarmengol.planetaries.cat\/serveis\/fontaneria-i-sanejament\/"]}]},{"@type":"ImageObject","inLanguage":"es","@id":"https:\/\/joriarmengol.planetaries.cat\/serveis\/fontaneria-i-sanejament\/#primaryimage","url":"https:\/\/joriarmengol.planetaries.cat\/wp-content\/uploads\/2026\/01\/Gemini_Generated_Image_6xfa0d6xfa0d6xfa-3-scaled.png","contentUrl":"https:\/\/joriarmengol.planetaries.cat\/wp-content\/uploads\/2026\/01\/Gemini_Generated_Image_6xfa0d6xfa0d6xfa-3-scaled.png","width":2560,"height":1396},{"@type":"BreadcrumbList","@id":"https:\/\/joriarmengol.planetaries.cat\/serveis\/fontaneria-i-sanejament\/#breadcrumb","itemListElement":[{"@type":"ListItem","position":1,"name":"Portada","item":"https:\/\/joriarmengol.planetaries.cat\/"},{"@type":"ListItem","position":2,"name":"Serveis","item":"https:\/\/joriarmengol.planetaries.cat\/serveis\/"},{"@type":"ListItem","position":3,"name":"Fontaneria i sanejament"}]},{"@type":"WebSite","@id":"https:\/\/joriarmengol.planetaries.cat\/#website","url":"https:\/\/joriarmengol.planetaries.cat\/","name":"Jori Armengol","description":"Soluciones aseguradoras a medida","potentialAction":[{"@type":"SearchAction","target":{"@type":"EntryPoint","urlTemplate":"https:\/\/joriarmengol.planetaries.cat\/?s={search_term_string}"},"query-input":{"@type":"PropertyValueSpecification","valueRequired":true,"valueName":"search_term_string"}}],"inLanguage":"es"}]}},"_links":{"self":[{"href":"https:\/\/joriarmengol.planetaries.cat\/es\/wp-json\/wp\/v2\/pages\/475","targetHints":{"allow":["GET"]}}],"collection":[{"href":"https:\/\/joriarmengol.planetaries.cat\/es\/wp-json\/wp\/v2\/pages"}],"about":[{"href":"https:\/\/joriarmengol.planetaries.cat\/es\/wp-json\/wp\/v2\/types\/page"}],"author":[{"embeddable":true,"href":"https:\/\/joriarmengol.planetaries.cat\/es\/wp-json\/wp\/v2\/users\/2"}],"replies":[{"embeddable":true,"href":"https:\/\/joriarmengol.planetaries.cat\/es\/wp-json\/wp\/v2\/comments?post=475"}],"version-history":[{"count":6,"href":"https:\/\/joriarmengol.planetaries.cat\/es\/wp-json\/wp\/v2\/pages\/475\/revisions"}],"predecessor-version":[{"id":718,"href":"https:\/\/joriarmengol.planetaries.cat\/es\/wp-json\/wp\/v2\/pages\/475\/revisions\/718"}],"up":[{"embeddable":true,"href":"https:\/\/joriarmengol.planetaries.cat\/es\/wp-json\/wp\/v2\/pages\/612"}],"wp:featuredmedia":[{"embeddable":true,"href":"https:\/\/joriarmengol.planetaries.cat\/es\/wp-json\/wp\/v2\/media\/717"}],"wp:attachment":[{"href":"https:\/\/joriarmengol.planetaries.cat\/es\/wp-json\/wp\/v2\/media?parent=475"}],"curies":[{"name":"wp","href":"https:\/\/api.w.org\/{rel}","templated":true}]}}