{"id":488,"date":"2026-01-13T11:10:57","date_gmt":"2026-01-13T11:10:57","guid":{"rendered":"http:\/\/instalacions.planetaries.cat\/?page_id=488"},"modified":"2026-01-21T12:45:23","modified_gmt":"2026-01-21T12:45:23","slug":"climatitzacio-i-ventilacio","status":"publish","type":"page","link":"https:\/\/joriarmengol.planetaries.cat\/es\/serveis\/climatitzacio-i-ventilacio\/","title":{"rendered":"Climatizaci\u00f3n y ventilaci\u00f3n"},"content":{"rendered":"<p>El confort t\u00e9rmico es clave para la experiencia del usuario, tanto en entornos comerciales como corporativos o residenciales de alta gama. En <strong>APerez Instal\u00b7lacions<\/strong> proyectamos y ejecutamos sistemas de climatizaci\u00f3n eficientes, discretos y de bajo consumo, utilizando tecnolog\u00eda inverter, aerotermia y sistemas centralizados VRV\/VRF para grandes superficies o espacios con control zonificado.<\/p>\n<p>Trabajamos en <strong>restaurantes, oficinas, naves, locales comerciales y viviendas exclusivas<\/strong> donde el dise\u00f1o interior es esencial, integrando conductos, m\u00e1quinas y salidas de aire de forma imperceptible. Tambi\u00e9n desarrollamos sistemas de ventilaci\u00f3n y renovaci\u00f3n de aire mec\u00e1nico, cumpliendo con normativas de salubridad y eficiencia energ\u00e9tica. Nuestro equipo t\u00e9cnico est\u00e1 listo para asesorar desde la fase de proyecto hasta la puesta en marcha.<\/p>\n<h2><strong>Soluciones de climatizaci\u00f3n adaptadas al uso, dise\u00f1o y necesidades de cada proyecto.<\/strong><\/h2>","protected":false},"excerpt":{"rendered":"<p>El confort t\u00e8rmic \u00e9s clau per a l\u2019experi\u00e8ncia de l\u2019usuari, tant en entorns comercials com corporatius o residencials de gamma alta. A APerez Instal\u00b7lacions projectem i executem sistemes de climatitzaci\u00f3 eficients, discrets i de baix consum, utilitzant tecnologia inverter, aerot\u00e8rmia i sistemes centralitzats VRV\/VRF per a grans superf\u00edcies o espais amb control zonificat. Treballem en [&hellip;]<\/p>","protected":false},"author":2,"featured_media":712,"parent":612,"menu_order":0,"comment_status":"closed","ping_status":"closed","template":"page-producte.php","meta":{"_acf_changed":false,"footnotes":""},"class_list":["post-488","page","type-page","status-publish","has-post-thumbnail","hentry"],"acf":[],"yoast_head":"<!-- This site is optimized with the Yoast SEO plugin v26.9 - https:\/\/yoast.com\/product\/yoast-seo-wordpress\/ -->\n<title>Climatitzaci\u00f3 i ventilaci\u00f3 - Jori Armengol<\/title>\n<meta name=\"robots\" content=\"index, follow, max-snippet:-1, max-image-preview:large, max-video-preview:-1\" \/>\n<link rel=\"canonical\" href=\"https:\/\/joriarmengol.planetaries.cat\/es\/serveis\/climatitzacio-i-ventilacio\/\" \/>\n<meta property=\"og:locale\" content=\"es_ES\" \/>\n<meta property=\"og:type\" content=\"article\" \/>\n<meta property=\"og:title\" content=\"Climatitzaci\u00f3 i ventilaci\u00f3 - Jori Armengol\" \/>\n<meta property=\"og:description\" content=\"El confort t\u00e8rmic \u00e9s clau per a l\u2019experi\u00e8ncia de l\u2019usuari, tant en entorns comercials com corporatius o residencials de gamma alta. A APerez Instal\u00b7lacions projectem i executem sistemes de climatitzaci\u00f3 eficients, discrets i de baix consum, utilitzant tecnologia inverter, aerot\u00e8rmia i sistemes centralitzats VRV\/VRF per a grans superf\u00edcies o espais amb control zonificat. Treballem en [&hellip;]\" \/>\n<meta property=\"og:url\" content=\"https:\/\/joriarmengol.planetaries.cat\/es\/serveis\/climatitzacio-i-ventilacio\/\" \/>\n<meta property=\"og:site_name\" content=\"Jori Armengol\" \/>\n<meta property=\"article:modified_time\" content=\"2026-01-21T12:45:23+00:00\" \/>\n<meta property=\"og:image\" content=\"https:\/\/joriarmengol.planetaries.cat\/wp-content\/uploads\/2026\/01\/Gemini_Generated_Image_6xfa0d6xfa0d6xfa-4-1024x559.png\" \/>\n\t<meta property=\"og:image:width\" content=\"1024\" \/>\n\t<meta property=\"og:image:height\" content=\"559\" \/>\n\t<meta property=\"og:image:type\" content=\"image\/png\" \/>\n<meta name=\"twitter:card\" content=\"summary_large_image\" \/>\n<meta name=\"twitter:label1\" content=\"Tiempo de lectura\" \/>\n\t<meta name=\"twitter:data1\" content=\"1 minuto\" \/>\n<script type=\"application\/ld+json\" class=\"yoast-schema-graph\">{\"@context\":\"https:\/\/schema.org\",\"@graph\":[{\"@type\":\"WebPage\",\"@id\":\"https:\/\/joriarmengol.planetaries.cat\/serveis\/climatitzacio-i-ventilacio\/\",\"url\":\"https:\/\/joriarmengol.planetaries.cat\/serveis\/climatitzacio-i-ventilacio\/\",\"name\":\"Climatitzaci\u00f3 i ventilaci\u00f3 - Jori Armengol\",\"isPartOf\":{\"@id\":\"https:\/\/joriarmengol.planetaries.cat\/#website\"},\"primaryImageOfPage\":{\"@id\":\"https:\/\/joriarmengol.planetaries.cat\/serveis\/climatitzacio-i-ventilacio\/#primaryimage\"},\"image\":{\"@id\":\"https:\/\/joriarmengol.planetaries.cat\/serveis\/climatitzacio-i-ventilacio\/#primaryimage\"},\"thumbnailUrl\":\"https:\/\/joriarmengol.planetaries.cat\/wp-content\/uploads\/2026\/01\/Gemini_Generated_Image_6xfa0d6xfa0d6xfa-4-scaled.png\",\"datePublished\":\"2026-01-13T11:10:57+00:00\",\"dateModified\":\"2026-01-21T12:45:23+00:00\",\"breadcrumb\":{\"@id\":\"https:\/\/joriarmengol.planetaries.cat\/serveis\/climatitzacio-i-ventilacio\/#breadcrumb\"},\"inLanguage\":\"es\",\"potentialAction\":[{\"@type\":\"ReadAction\",\"target\":[\"https:\/\/joriarmengol.planetaries.cat\/serveis\/climatitzacio-i-ventilacio\/\"]}]},{\"@type\":\"ImageObject\",\"inLanguage\":\"es\",\"@id\":\"https:\/\/joriarmengol.planetaries.cat\/serveis\/climatitzacio-i-ventilacio\/#primaryimage\",\"url\":\"https:\/\/joriarmengol.planetaries.cat\/wp-content\/uploads\/2026\/01\/Gemini_Generated_Image_6xfa0d6xfa0d6xfa-4-scaled.png\",\"contentUrl\":\"https:\/\/joriarmengol.planetaries.cat\/wp-content\/uploads\/2026\/01\/Gemini_Generated_Image_6xfa0d6xfa0d6xfa-4-scaled.png\",\"width\":2560,\"height\":1396},{\"@type\":\"BreadcrumbList\",\"@id\":\"https:\/\/joriarmengol.planetaries.cat\/serveis\/climatitzacio-i-ventilacio\/#breadcrumb\",\"itemListElement\":[{\"@type\":\"ListItem\",\"position\":1,\"name\":\"Portada\",\"item\":\"https:\/\/joriarmengol.planetaries.cat\/\"},{\"@type\":\"ListItem\",\"position\":2,\"name\":\"Serveis\",\"item\":\"https:\/\/joriarmengol.planetaries.cat\/serveis\/\"},{\"@type\":\"ListItem\",\"position\":3,\"name\":\"Climatitzaci\u00f3 i ventilaci\u00f3\"}]},{\"@type\":\"WebSite\",\"@id\":\"https:\/\/joriarmengol.planetaries.cat\/#website\",\"url\":\"https:\/\/joriarmengol.planetaries.cat\/\",\"name\":\"Jori Armengol\",\"description\":\"Soluciones aseguradoras a medida\",\"potentialAction\":[{\"@type\":\"SearchAction\",\"target\":{\"@type\":\"EntryPoint\",\"urlTemplate\":\"https:\/\/joriarmengol.planetaries.cat\/?s={search_term_string}\"},\"query-input\":{\"@type\":\"PropertyValueSpecification\",\"valueRequired\":true,\"valueName\":\"search_term_string\"}}],\"inLanguage\":\"es\"}]}<\/script>\n<!-- \/ Yoast SEO plugin. -->","yoast_head_json":{"title":"Climatitzaci\u00f3 i ventilaci\u00f3 - Jori Armengol","robots":{"index":"index","follow":"follow","max-snippet":"max-snippet:-1","max-image-preview":"max-image-preview:large","max-video-preview":"max-video-preview:-1"},"canonical":"https:\/\/joriarmengol.planetaries.cat\/es\/serveis\/climatitzacio-i-ventilacio\/","og_locale":"es_ES","og_type":"article","og_title":"Climatitzaci\u00f3 i ventilaci\u00f3 - Jori Armengol","og_description":"El confort t\u00e8rmic \u00e9s clau per a l\u2019experi\u00e8ncia de l\u2019usuari, tant en entorns comercials com corporatius o residencials de gamma alta. A APerez Instal\u00b7lacions projectem i executem sistemes de climatitzaci\u00f3 eficients, discrets i de baix consum, utilitzant tecnologia inverter, aerot\u00e8rmia i sistemes centralitzats VRV\/VRF per a grans superf\u00edcies o espais amb control zonificat. Treballem en [&hellip;]","og_url":"https:\/\/joriarmengol.planetaries.cat\/es\/serveis\/climatitzacio-i-ventilacio\/","og_site_name":"Jori Armengol","article_modified_time":"2026-01-21T12:45:23+00:00","og_image":[{"width":1024,"height":559,"url":"https:\/\/joriarmengol.planetaries.cat\/wp-content\/uploads\/2026\/01\/Gemini_Generated_Image_6xfa0d6xfa0d6xfa-4-1024x559.png","type":"image\/png"}],"twitter_card":"summary_large_image","twitter_misc":{"Tiempo de lectura":"1 minuto"},"schema":{"@context":"https:\/\/schema.org","@graph":[{"@type":"WebPage","@id":"https:\/\/joriarmengol.planetaries.cat\/serveis\/climatitzacio-i-ventilacio\/","url":"https:\/\/joriarmengol.planetaries.cat\/serveis\/climatitzacio-i-ventilacio\/","name":"Climatitzaci\u00f3 i ventilaci\u00f3 - Jori Armengol","isPartOf":{"@id":"https:\/\/joriarmengol.planetaries.cat\/#website"},"primaryImageOfPage":{"@id":"https:\/\/joriarmengol.planetaries.cat\/serveis\/climatitzacio-i-ventilacio\/#primaryimage"},"image":{"@id":"https:\/\/joriarmengol.planetaries.cat\/serveis\/climatitzacio-i-ventilacio\/#primaryimage"},"thumbnailUrl":"https:\/\/joriarmengol.planetaries.cat\/wp-content\/uploads\/2026\/01\/Gemini_Generated_Image_6xfa0d6xfa0d6xfa-4-scaled.png","datePublished":"2026-01-13T11:10:57+00:00","dateModified":"2026-01-21T12:45:23+00:00","breadcrumb":{"@id":"https:\/\/joriarmengol.planetaries.cat\/serveis\/climatitzacio-i-ventilacio\/#breadcrumb"},"inLanguage":"es","potentialAction":[{"@type":"ReadAction","target":["https:\/\/joriarmengol.planetaries.cat\/serveis\/climatitzacio-i-ventilacio\/"]}]},{"@type":"ImageObject","inLanguage":"es","@id":"https:\/\/joriarmengol.planetaries.cat\/serveis\/climatitzacio-i-ventilacio\/#primaryimage","url":"https:\/\/joriarmengol.planetaries.cat\/wp-content\/uploads\/2026\/01\/Gemini_Generated_Image_6xfa0d6xfa0d6xfa-4-scaled.png","contentUrl":"https:\/\/joriarmengol.planetaries.cat\/wp-content\/uploads\/2026\/01\/Gemini_Generated_Image_6xfa0d6xfa0d6xfa-4-scaled.png","width":2560,"height":1396},{"@type":"BreadcrumbList","@id":"https:\/\/joriarmengol.planetaries.cat\/serveis\/climatitzacio-i-ventilacio\/#breadcrumb","itemListElement":[{"@type":"ListItem","position":1,"name":"Portada","item":"https:\/\/joriarmengol.planetaries.cat\/"},{"@type":"ListItem","position":2,"name":"Serveis","item":"https:\/\/joriarmengol.planetaries.cat\/serveis\/"},{"@type":"ListItem","position":3,"name":"Climatitzaci\u00f3 i ventilaci\u00f3"}]},{"@type":"WebSite","@id":"https:\/\/joriarmengol.planetaries.cat\/#website","url":"https:\/\/joriarmengol.planetaries.cat\/","name":"Jori Armengol","description":"Soluciones aseguradoras a medida","potentialAction":[{"@type":"SearchAction","target":{"@type":"EntryPoint","urlTemplate":"https:\/\/joriarmengol.planetaries.cat\/?s={search_term_string}"},"query-input":{"@type":"PropertyValueSpecification","valueRequired":true,"valueName":"search_term_string"}}],"inLanguage":"es"}]}},"_links":{"self":[{"href":"https:\/\/joriarmengol.planetaries.cat\/es\/wp-json\/wp\/v2\/pages\/488","targetHints":{"allow":["GET"]}}],"collection":[{"href":"https:\/\/joriarmengol.planetaries.cat\/es\/wp-json\/wp\/v2\/pages"}],"about":[{"href":"https:\/\/joriarmengol.planetaries.cat\/es\/wp-json\/wp\/v2\/types\/page"}],"author":[{"embeddable":true,"href":"https:\/\/joriarmengol.planetaries.cat\/es\/wp-json\/wp\/v2\/users\/2"}],"replies":[{"embeddable":true,"href":"https:\/\/joriarmengol.planetaries.cat\/es\/wp-json\/wp\/v2\/comments?post=488"}],"version-history":[{"count":5,"href":"https:\/\/joriarmengol.planetaries.cat\/es\/wp-json\/wp\/v2\/pages\/488\/revisions"}],"predecessor-version":[{"id":711,"href":"https:\/\/joriarmengol.planetaries.cat\/es\/wp-json\/wp\/v2\/pages\/488\/revisions\/711"}],"up":[{"embeddable":true,"href":"https:\/\/joriarmengol.planetaries.cat\/es\/wp-json\/wp\/v2\/pages\/612"}],"wp:featuredmedia":[{"embeddable":true,"href":"https:\/\/joriarmengol.planetaries.cat\/es\/wp-json\/wp\/v2\/media\/712"}],"wp:attachment":[{"href":"https:\/\/joriarmengol.planetaries.cat\/es\/wp-json\/wp\/v2\/media?parent=488"}],"curies":[{"name":"wp","href":"https:\/\/api.w.org\/{rel}","templated":true}]}}