{"id":570,"date":"2026-01-14T08:48:41","date_gmt":"2026-01-14T08:48:41","guid":{"rendered":"http:\/\/instalacions.planetaries.cat\/?page_id=570"},"modified":"2026-01-27T11:17:05","modified_gmt":"2026-01-27T11:17:05","slug":"politica-de-privacitat","status":"publish","type":"page","link":"https:\/\/joriarmengol.planetaries.cat\/es\/politica-de-privacitat\/","title":{"rendered":"Pol\u00edtica de privacidad"},"content":{"rendered":"<h2 data-start=\"267\" data-end=\"300\">1. Responsable del tratamiento<\/h2>\n<p data-start=\"302\" data-end=\"537\">Titular: A. PEREZ SERVICIOS DE CLIMATIZACI\u00d3N SL<br data-start=\"347\" data-end=\"350\" \/>NIF: B65892549<br data-start=\"364\" data-end=\"367\" \/>Direcci\u00f3n: C\/ Carles Riba, 9 Local 4, 08402 \u2013 Granollers (Barcelona)<br data-start=\"432\" data-end=\"435\" \/>Correo electr\u00f3nico: <a class=\"decorated-link cursor-pointer\" rel=\"noopener\" data-start=\"454\" data-end=\"475\">info@joriarmengol.planetaries.cat<\/a><br data-start=\"475\" data-end=\"478\" \/>Tel\u00e9fono: +34 931 61 80 09<br data-start=\"503\" data-end=\"506\" \/>Web: <a class=\"decorated-link\" href=\"https:\/\/joriarmengol.planetaries.cat\/es\/\" target=\"_new\" rel=\"noopener\" data-start=\"511\" data-end=\"535\">https:\/\/joriarmengol.planetaries.cat<\/a><\/p>\n<hr data-start=\"539\" data-end=\"542\" \/>\n<h2 data-start=\"544\" data-end=\"588\">2. Finalidad del tratamiento de los datos<\/h2>\n<p data-start=\"590\" data-end=\"706\">Los datos personales facilitados por el usuario a trav\u00e9s de este sitio web ser\u00e1n tratados con las siguientes finalidades:<\/p>\n<ul>\n<li data-start=\"590\" data-end=\"706\">Atender consultas y solicitudes de informaci\u00f3n.<\/li>\n<li data-start=\"590\" data-end=\"706\">Gestionar comunicaciones comerciales o profesionales.<\/li>\n<li data-start=\"590\" data-end=\"706\">Gestionar relaciones contractuales o precontractuales.<\/li>\n<li data-start=\"590\" data-end=\"706\">Cumplir con las obligaciones legales de aplicaci\u00f3n.<\/li>\n<\/ul>\n<hr data-start=\"915\" data-end=\"918\" \/>\n<h2 data-start=\"920\" data-end=\"938\">3. Legitimaci\u00f3n<\/h2>\n<p data-start=\"940\" data-end=\"988\">La base legal para el tratamiento de los datos es:<\/p>\n<ul>\n<li data-start=\"940\" data-end=\"988\">El consentimiento del usuario al contactar voluntariamente.<\/li>\n<li data-start=\"940\" data-end=\"988\">La ejecuci\u00f3n de un contrato o medidas precontractuales.<\/li>\n<li data-start=\"940\" data-end=\"988\">El cumplimiento de obligaciones legales.<\/li>\n<\/ul>\n<hr data-start=\"1143\" data-end=\"1146\" \/>\n<h2 data-start=\"1148\" data-end=\"1179\">4. Conservaci\u00f3n de los datos<\/h2>\n<p data-start=\"1181\" data-end=\"1355\">Los datos personales se conservar\u00e1n durante el tiempo necesario para cumplir la finalidad para la que fueron recogidos y durante los plazos exigidos por la legislaci\u00f3n vigente.<\/p>\n<hr data-start=\"1357\" data-end=\"1360\" \/>\n<h2 data-start=\"1362\" data-end=\"1394\">5. Destinatarios de los datos<\/h2>\n<p data-start=\"1396\" data-end=\"1561\">No se ceder\u00e1n datos a terceros, salvo obligaci\u00f3n legal o cuando sea necesario para la prestaci\u00f3n del servicio, con los correspondientes contratos de tratamiento de datos.<\/p>\n<hr data-start=\"1563\" data-end=\"1566\" \/>\n<h2 data-start=\"1568\" data-end=\"1592\">6. Derechos del usuario<\/h2>\n<p data-start=\"1594\" data-end=\"1634\">El usuario puede ejercer los siguientes derechos:<\/p>\n<ul>\n<li data-start=\"1594\" data-end=\"1634\">Acceso<\/li>\n<li data-start=\"1594\" data-end=\"1634\">Rectificaci\u00f3n<\/li>\n<li data-start=\"1594\" data-end=\"1634\">Supresi\u00f3n<\/li>\n<li data-start=\"1594\" data-end=\"1634\">Limitaci\u00f3n del tratamiento<\/li>\n<li data-start=\"1594\" data-end=\"1634\">Oposici\u00f3n<\/li>\n<li data-start=\"1594\" data-end=\"1634\">Portabilidad de los datos<\/li>\n<\/ul>\n<p data-start=\"1738\" data-end=\"1795\">Mediante comunicaci\u00f3n escrita en: <a class=\"decorated-link cursor-pointer\" rel=\"noopener\" data-start=\"1772\" data-end=\"1793\">info@joriarmengol.planetaries.cat<\/a><\/p>\n<p data-start=\"1797\" data-end=\"1895\">Tambi\u00e9n puede presentar una reclamaci\u00f3n ante la Agencia Espa\u00f1ola de Protecci\u00f3n de Datos (<a class=\"decorated-link\" href=\"http:\/\/www.aepd.es\" target=\"_new\" rel=\"noopener\" data-start=\"1882\" data-end=\"1893\">www.aepd.es<\/a>).<\/p>\n<hr data-start=\"1897\" data-end=\"1900\" \/>\n<h2 data-start=\"1902\" data-end=\"1931\">7. Seguridad de los datos<\/h2>\n<p data-start=\"1933\" data-end=\"2096\">A. PEREZ SERVICIOS DE CLIMATIZACI\u00d3N SL adopta las medidas t\u00e9cnicas y organizativas necesarias para garantizar la seguridad y la confidencialidad de los datos personales.<\/p>\n<hr data-start=\"2098\" data-end=\"2101\" \/>\n<h2 data-start=\"2103\" data-end=\"2123\">8. Modificaciones<\/h2>\n<p data-start=\"2125\" data-end=\"2260\">El responsable se reserva el derecho a modificar la presente pol\u00edtica de privacidad para adaptarla a cambios legislativos o jurisprudenciales.<\/p>","protected":false},"excerpt":{"rendered":"<p>1. Responsable del tratamiento Titular: A. PEREZ SERVICIOS DE CLIMATIZACI\u00d3N SLNIF: B65892549Direcci\u00f3n: C\/ Carles Riba, 9 Local 4, 08402 \u2013 Granollers (Barcelona)Correo electr\u00f3nico: info@joriarmengol.planetaries.catTel\u00e9fono: +34 931 61 8. tratamiento de los datos Los datos personales facilitados por el usuario a trav\u00e9s de este sitio web ser\u00e1n tratados con las siguientes finalidades: Atender [\u2026]<\/p>","protected":false},"author":2,"featured_media":0,"parent":0,"menu_order":0,"comment_status":"closed","ping_status":"closed","template":"page-legal.php","meta":{"_acf_changed":false,"footnotes":""},"class_list":["post-570","page","type-page","status-publish","hentry"],"acf":[],"yoast_head":"<!-- This site is optimized with the Yoast SEO plugin v26.9 - https:\/\/yoast.com\/product\/yoast-seo-wordpress\/ -->\n<title>Pol\u00edtica de privacitat - Jori Armengol<\/title>\n<meta name=\"robots\" content=\"index, follow, max-snippet:-1, max-image-preview:large, max-video-preview:-1\" \/>\n<link rel=\"canonical\" href=\"https:\/\/joriarmengol.planetaries.cat\/es\/politica-de-privacitat\/\" \/>\n<meta property=\"og:locale\" content=\"es_ES\" \/>\n<meta property=\"og:type\" content=\"article\" \/>\n<meta property=\"og:title\" content=\"Pol\u00edtica de privacitat - Jori Armengol\" \/>\n<meta property=\"og:description\" content=\"1. Responsable del tractament Titular: A. PEREZ SERVEIS DE CLIMATITZACI\u00d3 SLNIF: B65892549Adre\u00e7a: C\/ Carles Riba, 9 Local 4, 08402 \u2013 Granollers (Barcelona)Correu electr\u00f2nic: info@joriarmengol.planetaries.catTel\u00e8fon: +34 931 61 80 09Web: https:\/\/joriarmengol.planetaries.cat 2. Finalitat del tractament de les dades Les dades personals facilitades per l\u2019usuari a trav\u00e9s d\u2019aquest lloc web seran tractades amb les finalitats seg\u00fcents: Atendre [&hellip;]\" \/>\n<meta property=\"og:url\" content=\"https:\/\/joriarmengol.planetaries.cat\/es\/politica-de-privacitat\/\" \/>\n<meta property=\"og:site_name\" content=\"Jori Armengol\" \/>\n<meta property=\"article:modified_time\" content=\"2026-01-27T11:17:05+00:00\" \/>\n<meta name=\"twitter:card\" content=\"summary_large_image\" \/>\n<meta name=\"twitter:label1\" content=\"Tiempo de lectura\" \/>\n\t<meta name=\"twitter:data1\" content=\"2 minutos\" \/>\n<script type=\"application\/ld+json\" class=\"yoast-schema-graph\">{\"@context\":\"https:\/\/schema.org\",\"@graph\":[{\"@type\":\"WebPage\",\"@id\":\"https:\/\/joriarmengol.planetaries.cat\/politica-de-privacitat\/\",\"url\":\"https:\/\/joriarmengol.planetaries.cat\/politica-de-privacitat\/\",\"name\":\"Pol\u00edtica de privacitat - Jori Armengol\",\"isPartOf\":{\"@id\":\"https:\/\/joriarmengol.planetaries.cat\/#website\"},\"datePublished\":\"2026-01-14T08:48:41+00:00\",\"dateModified\":\"2026-01-27T11:17:05+00:00\",\"breadcrumb\":{\"@id\":\"https:\/\/joriarmengol.planetaries.cat\/politica-de-privacitat\/#breadcrumb\"},\"inLanguage\":\"es\",\"potentialAction\":[{\"@type\":\"ReadAction\",\"target\":[\"https:\/\/joriarmengol.planetaries.cat\/politica-de-privacitat\/\"]}]},{\"@type\":\"BreadcrumbList\",\"@id\":\"https:\/\/joriarmengol.planetaries.cat\/politica-de-privacitat\/#breadcrumb\",\"itemListElement\":[{\"@type\":\"ListItem\",\"position\":1,\"name\":\"Portada\",\"item\":\"https:\/\/joriarmengol.planetaries.cat\/\"},{\"@type\":\"ListItem\",\"position\":2,\"name\":\"Pol\u00edtica de privacitat\"}]},{\"@type\":\"WebSite\",\"@id\":\"https:\/\/joriarmengol.planetaries.cat\/#website\",\"url\":\"https:\/\/joriarmengol.planetaries.cat\/\",\"name\":\"Jori Armengol\",\"description\":\"Soluciones aseguradoras a medida\",\"potentialAction\":[{\"@type\":\"SearchAction\",\"target\":{\"@type\":\"EntryPoint\",\"urlTemplate\":\"https:\/\/joriarmengol.planetaries.cat\/?s={search_term_string}\"},\"query-input\":{\"@type\":\"PropertyValueSpecification\",\"valueRequired\":true,\"valueName\":\"search_term_string\"}}],\"inLanguage\":\"es\"}]}<\/script>\n<!-- \/ Yoast SEO plugin. -->","yoast_head_json":{"title":"Pol\u00edtica de privacitat - Jori Armengol","robots":{"index":"index","follow":"follow","max-snippet":"max-snippet:-1","max-image-preview":"max-image-preview:large","max-video-preview":"max-video-preview:-1"},"canonical":"https:\/\/joriarmengol.planetaries.cat\/es\/politica-de-privacitat\/","og_locale":"es_ES","og_type":"article","og_title":"Pol\u00edtica de privacitat - Jori Armengol","og_description":"1. Responsable del tractament Titular: A. PEREZ SERVEIS DE CLIMATITZACI\u00d3 SLNIF: B65892549Adre\u00e7a: C\/ Carles Riba, 9 Local 4, 08402 \u2013 Granollers (Barcelona)Correu electr\u00f2nic: info@joriarmengol.planetaries.catTel\u00e8fon: +34 931 61 80 09Web: https:\/\/joriarmengol.planetaries.cat 2. Finalitat del tractament de les dades Les dades personals facilitades per l\u2019usuari a trav\u00e9s d\u2019aquest lloc web seran tractades amb les finalitats seg\u00fcents: Atendre [&hellip;]","og_url":"https:\/\/joriarmengol.planetaries.cat\/es\/politica-de-privacitat\/","og_site_name":"Jori Armengol","article_modified_time":"2026-01-27T11:17:05+00:00","twitter_card":"summary_large_image","twitter_misc":{"Tiempo de lectura":"2 minutos"},"schema":{"@context":"https:\/\/schema.org","@graph":[{"@type":"WebPage","@id":"https:\/\/joriarmengol.planetaries.cat\/politica-de-privacitat\/","url":"https:\/\/joriarmengol.planetaries.cat\/politica-de-privacitat\/","name":"Pol\u00edtica de privacitat - Jori Armengol","isPartOf":{"@id":"https:\/\/joriarmengol.planetaries.cat\/#website"},"datePublished":"2026-01-14T08:48:41+00:00","dateModified":"2026-01-27T11:17:05+00:00","breadcrumb":{"@id":"https:\/\/joriarmengol.planetaries.cat\/politica-de-privacitat\/#breadcrumb"},"inLanguage":"es","potentialAction":[{"@type":"ReadAction","target":["https:\/\/joriarmengol.planetaries.cat\/politica-de-privacitat\/"]}]},{"@type":"BreadcrumbList","@id":"https:\/\/joriarmengol.planetaries.cat\/politica-de-privacitat\/#breadcrumb","itemListElement":[{"@type":"ListItem","position":1,"name":"Portada","item":"https:\/\/joriarmengol.planetaries.cat\/"},{"@type":"ListItem","position":2,"name":"Pol\u00edtica de privacitat"}]},{"@type":"WebSite","@id":"https:\/\/joriarmengol.planetaries.cat\/#website","url":"https:\/\/joriarmengol.planetaries.cat\/","name":"Jori Armengol","description":"Soluciones aseguradoras a medida","potentialAction":[{"@type":"SearchAction","target":{"@type":"EntryPoint","urlTemplate":"https:\/\/joriarmengol.planetaries.cat\/?s={search_term_string}"},"query-input":{"@type":"PropertyValueSpecification","valueRequired":true,"valueName":"search_term_string"}}],"inLanguage":"es"}]}},"_links":{"self":[{"href":"https:\/\/joriarmengol.planetaries.cat\/es\/wp-json\/wp\/v2\/pages\/570","targetHints":{"allow":["GET"]}}],"collection":[{"href":"https:\/\/joriarmengol.planetaries.cat\/es\/wp-json\/wp\/v2\/pages"}],"about":[{"href":"https:\/\/joriarmengol.planetaries.cat\/es\/wp-json\/wp\/v2\/types\/page"}],"author":[{"embeddable":true,"href":"https:\/\/joriarmengol.planetaries.cat\/es\/wp-json\/wp\/v2\/users\/2"}],"replies":[{"embeddable":true,"href":"https:\/\/joriarmengol.planetaries.cat\/es\/wp-json\/wp\/v2\/comments?post=570"}],"version-history":[{"count":8,"href":"https:\/\/joriarmengol.planetaries.cat\/es\/wp-json\/wp\/v2\/pages\/570\/revisions"}],"predecessor-version":[{"id":789,"href":"https:\/\/joriarmengol.planetaries.cat\/es\/wp-json\/wp\/v2\/pages\/570\/revisions\/789"}],"wp:attachment":[{"href":"https:\/\/joriarmengol.planetaries.cat\/es\/wp-json\/wp\/v2\/media?parent=570"}],"curies":[{"name":"wp","href":"https:\/\/api.w.org\/{rel}","templated":true}]}}