{"id":573,"date":"2026-01-14T08:58:23","date_gmt":"2026-01-14T08:58:23","guid":{"rendered":"http:\/\/instalacions.planetaries.cat\/?page_id=573"},"modified":"2026-01-27T11:18:27","modified_gmt":"2026-01-27T11:18:27","slug":"avis-legal","status":"publish","type":"page","link":"https:\/\/joriarmengol.planetaries.cat\/es\/avis-legal\/","title":{"rendered":"Aviso legal"},"content":{"rendered":"<h2 data-start=\"2287\" data-end=\"2312\">1. Informaci\u00f3n general<\/h2>\n<p data-start=\"2314\" data-end=\"2489\">En cumplimiento de lo que establece la Ley 34\/2002, de Servicios de la Sociedad de la Informaci\u00f3n y del Comercio Electr\u00f3nico (LSSI-CE), se informa que este sitio web es titularidad de:<\/p>\n<p data-start=\"2491\" data-end=\"2685\">A. PEREZ SERVICIOS DE CLIMATIZACI\u00d3N SL<br data-start=\"2527\" data-end=\"2530\" \/>NIF: B65892549<br data-start=\"2544\" data-end=\"2547\" \/>Direcci\u00f3n: C\/ Carles Riba, 9 Local 4, 08402 \u2013 Granollers (Barcelona)<br data-start=\"2612\" data-end=\"2615\" \/>Correo electr\u00f3nico: <a class=\"decorated-link cursor-pointer\" rel=\"noopener\" data-start=\"2634\" data-end=\"2655\">info@joriarmengol.planetaries.cat<\/a><br data-start=\"2655\" data-end=\"2658\" \/>Tel\u00e9fono: +34 931 61 80 09<\/p>\n<hr data-start=\"2687\" data-end=\"2690\" \/>\n<h2 data-start=\"2692\" data-end=\"2719\">2. Objeto del sitio web<\/h2>\n<p data-start=\"2721\" data-end=\"2872\">El sitio web <a class=\"decorated-link\" href=\"https:\/\/joriarmengol.planetaries.cat\/es\/\" target=\"_new\" rel=\"noopener\" data-start=\"2733\" data-end=\"2757\">https:\/\/joriarmengol.planetaries.cat<\/a> tiene como finalidad informar <a class=\"wp-first-item\" href=\"https:\/\/joriarmengol.planetaries.cat\/wp-admin\/edit.php\">Todas las entradas<\/a>sobre los servicios profesionales de instalaciones y climatizaci\u00f3n ofrecidos por la empresa.<\/p>\n<hr data-start=\"2874\" data-end=\"2877\" \/>\n<h2 data-start=\"2879\" data-end=\"2901\">3. Condiciones de uso<\/h2>\n<p data-start=\"2903\" data-end=\"3078\">El usuario se compromete a hacer un uso adecuado de los contenidos y servicios del sitio web ya no utilizarlos para actividades il\u00edcitas o contrarias a la buena fe y al orden p\u00fablico.<\/p>\n<hr data-start=\"3080\" data-end=\"3083\" \/>\n<h2 data-start=\"3085\" data-end=\"3128\">4. Propiedad intelectual e industrial<\/h2>\n<p data-start=\"3130\" data-end=\"3343\">Todos los contenidos del sitio web son propiedad de A. PEREZ SERVICIOS DE CLIMATIZACI\u00d3N SL o de terceros autorizados, quedando prohibida su reproducci\u00f3n, distribuci\u00f3n o comunicaci\u00f3n p\u00fablica sin autorizaci\u00f3n expresa.<\/p>\n<hr data-start=\"3345\" data-end=\"3348\" \/>\n<h2 data-start=\"3350\" data-end=\"3372\">5. Responsabilidad<\/h2>\n<p data-start=\"3374\" data-end=\"3490\">El titular no se hace responsable de los posibles errores en los contenidos ni de los da\u00f1os derivados del uso del sitio web.<\/p>\n<hr data-start=\"3492\" data-end=\"3495\" \/>\n<h2 data-start=\"3497\" data-end=\"3520\">6. Enlaces externos<\/h2>\n<p data-start=\"3522\" data-end=\"3641\">Este sitio web puede contener enlaces a p\u00e1ginas de terceros, sobre las que el titular no asume responsabilidad alguna.<\/p>\n<hr data-start=\"3643\" data-end=\"3646\" \/>\n<h2 data-start=\"3648\" data-end=\"3689\">7. Legislaci\u00f3n aplicable y jurisdicci\u00f3n<\/h2>\n<p data-start=\"3691\" data-end=\"3841\">La relaci\u00f3n entre el titular y el usuario se regir\u00e1 por la legislaci\u00f3n espa\u00f1ola. Cualquier controversia se someter\u00e1 a los juzgados y tribunales de Barcelona.<\/p>","protected":false},"excerpt":{"rendered":"<p>1. Informaci\u00f3 general En compliment del que estableix la Llei 34\/2002, de Serveis de la Societat de la Informaci\u00f3 i del Comer\u00e7 Electr\u00f2nic (LSSI-CE), s\u2019informa que aquest lloc web \u00e9s titularitat de: A. PEREZ SERVEIS DE CLIMATITZACI\u00d3 SLNIF: B65892549Adre\u00e7a: C\/ Carles Riba, 9 Local 4, 08402 \u2013 Granollers (Barcelona)Correu electr\u00f2nic: info@joriarmengol.planetaries.catTel\u00e8fon: +34 931 61 80 [&hellip;]<\/p>","protected":false},"author":2,"featured_media":0,"parent":0,"menu_order":0,"comment_status":"closed","ping_status":"closed","template":"page-legal.php","meta":{"_acf_changed":false,"footnotes":""},"class_list":["post-573","page","type-page","status-publish","hentry"],"acf":[],"yoast_head":"<!-- This site is optimized with the Yoast SEO plugin v26.9 - https:\/\/yoast.com\/product\/yoast-seo-wordpress\/ -->\n<title>Av\u00eds legal - Jori Armengol<\/title>\n<meta name=\"robots\" content=\"index, follow, max-snippet:-1, max-image-preview:large, max-video-preview:-1\" \/>\n<link rel=\"canonical\" href=\"https:\/\/joriarmengol.planetaries.cat\/es\/avis-legal\/\" \/>\n<meta property=\"og:locale\" content=\"es_ES\" \/>\n<meta property=\"og:type\" content=\"article\" \/>\n<meta property=\"og:title\" content=\"Av\u00eds legal - Jori Armengol\" \/>\n<meta property=\"og:description\" content=\"1. Informaci\u00f3 general En compliment del que estableix la Llei 34\/2002, de Serveis de la Societat de la Informaci\u00f3 i del Comer\u00e7 Electr\u00f2nic (LSSI-CE), s\u2019informa que aquest lloc web \u00e9s titularitat de: A. PEREZ SERVEIS DE CLIMATITZACI\u00d3 SLNIF: B65892549Adre\u00e7a: C\/ Carles Riba, 9 Local 4, 08402 \u2013 Granollers (Barcelona)Correu electr\u00f2nic: info@joriarmengol.planetaries.catTel\u00e8fon: +34 931 61 80 [&hellip;]\" \/>\n<meta property=\"og:url\" content=\"https:\/\/joriarmengol.planetaries.cat\/es\/avis-legal\/\" \/>\n<meta property=\"og:site_name\" content=\"Jori Armengol\" \/>\n<meta property=\"article:modified_time\" content=\"2026-01-27T11:18:27+00:00\" \/>\n<meta name=\"twitter:card\" content=\"summary_large_image\" \/>\n<meta name=\"twitter:label1\" content=\"Tiempo de lectura\" \/>\n\t<meta name=\"twitter:data1\" content=\"2 minutos\" \/>\n<script type=\"application\/ld+json\" class=\"yoast-schema-graph\">{\"@context\":\"https:\/\/schema.org\",\"@graph\":[{\"@type\":\"WebPage\",\"@id\":\"https:\/\/joriarmengol.planetaries.cat\/avis-legal\/\",\"url\":\"https:\/\/joriarmengol.planetaries.cat\/avis-legal\/\",\"name\":\"Av\u00eds legal - Jori Armengol\",\"isPartOf\":{\"@id\":\"https:\/\/joriarmengol.planetaries.cat\/#website\"},\"datePublished\":\"2026-01-14T08:58:23+00:00\",\"dateModified\":\"2026-01-27T11:18:27+00:00\",\"breadcrumb\":{\"@id\":\"https:\/\/joriarmengol.planetaries.cat\/avis-legal\/#breadcrumb\"},\"inLanguage\":\"es\",\"potentialAction\":[{\"@type\":\"ReadAction\",\"target\":[\"https:\/\/joriarmengol.planetaries.cat\/avis-legal\/\"]}]},{\"@type\":\"BreadcrumbList\",\"@id\":\"https:\/\/joriarmengol.planetaries.cat\/avis-legal\/#breadcrumb\",\"itemListElement\":[{\"@type\":\"ListItem\",\"position\":1,\"name\":\"Portada\",\"item\":\"https:\/\/joriarmengol.planetaries.cat\/\"},{\"@type\":\"ListItem\",\"position\":2,\"name\":\"Av\u00eds legal\"}]},{\"@type\":\"WebSite\",\"@id\":\"https:\/\/joriarmengol.planetaries.cat\/#website\",\"url\":\"https:\/\/joriarmengol.planetaries.cat\/\",\"name\":\"Jori Armengol\",\"description\":\"Soluciones aseguradoras a medida\",\"potentialAction\":[{\"@type\":\"SearchAction\",\"target\":{\"@type\":\"EntryPoint\",\"urlTemplate\":\"https:\/\/joriarmengol.planetaries.cat\/?s={search_term_string}\"},\"query-input\":{\"@type\":\"PropertyValueSpecification\",\"valueRequired\":true,\"valueName\":\"search_term_string\"}}],\"inLanguage\":\"es\"}]}<\/script>\n<!-- \/ Yoast SEO plugin. -->","yoast_head_json":{"title":"Av\u00eds legal - Jori Armengol","robots":{"index":"index","follow":"follow","max-snippet":"max-snippet:-1","max-image-preview":"max-image-preview:large","max-video-preview":"max-video-preview:-1"},"canonical":"https:\/\/joriarmengol.planetaries.cat\/es\/avis-legal\/","og_locale":"es_ES","og_type":"article","og_title":"Av\u00eds legal - Jori Armengol","og_description":"1. Informaci\u00f3 general En compliment del que estableix la Llei 34\/2002, de Serveis de la Societat de la Informaci\u00f3 i del Comer\u00e7 Electr\u00f2nic (LSSI-CE), s\u2019informa que aquest lloc web \u00e9s titularitat de: A. PEREZ SERVEIS DE CLIMATITZACI\u00d3 SLNIF: B65892549Adre\u00e7a: C\/ Carles Riba, 9 Local 4, 08402 \u2013 Granollers (Barcelona)Correu electr\u00f2nic: info@joriarmengol.planetaries.catTel\u00e8fon: +34 931 61 80 [&hellip;]","og_url":"https:\/\/joriarmengol.planetaries.cat\/es\/avis-legal\/","og_site_name":"Jori Armengol","article_modified_time":"2026-01-27T11:18:27+00:00","twitter_card":"summary_large_image","twitter_misc":{"Tiempo de lectura":"2 minutos"},"schema":{"@context":"https:\/\/schema.org","@graph":[{"@type":"WebPage","@id":"https:\/\/joriarmengol.planetaries.cat\/avis-legal\/","url":"https:\/\/joriarmengol.planetaries.cat\/avis-legal\/","name":"Av\u00eds legal - Jori Armengol","isPartOf":{"@id":"https:\/\/joriarmengol.planetaries.cat\/#website"},"datePublished":"2026-01-14T08:58:23+00:00","dateModified":"2026-01-27T11:18:27+00:00","breadcrumb":{"@id":"https:\/\/joriarmengol.planetaries.cat\/avis-legal\/#breadcrumb"},"inLanguage":"es","potentialAction":[{"@type":"ReadAction","target":["https:\/\/joriarmengol.planetaries.cat\/avis-legal\/"]}]},{"@type":"BreadcrumbList","@id":"https:\/\/joriarmengol.planetaries.cat\/avis-legal\/#breadcrumb","itemListElement":[{"@type":"ListItem","position":1,"name":"Portada","item":"https:\/\/joriarmengol.planetaries.cat\/"},{"@type":"ListItem","position":2,"name":"Av\u00eds legal"}]},{"@type":"WebSite","@id":"https:\/\/joriarmengol.planetaries.cat\/#website","url":"https:\/\/joriarmengol.planetaries.cat\/","name":"Jori Armengol","description":"Soluciones aseguradoras a medida","potentialAction":[{"@type":"SearchAction","target":{"@type":"EntryPoint","urlTemplate":"https:\/\/joriarmengol.planetaries.cat\/?s={search_term_string}"},"query-input":{"@type":"PropertyValueSpecification","valueRequired":true,"valueName":"search_term_string"}}],"inLanguage":"es"}]}},"_links":{"self":[{"href":"https:\/\/joriarmengol.planetaries.cat\/es\/wp-json\/wp\/v2\/pages\/573","targetHints":{"allow":["GET"]}}],"collection":[{"href":"https:\/\/joriarmengol.planetaries.cat\/es\/wp-json\/wp\/v2\/pages"}],"about":[{"href":"https:\/\/joriarmengol.planetaries.cat\/es\/wp-json\/wp\/v2\/types\/page"}],"author":[{"embeddable":true,"href":"https:\/\/joriarmengol.planetaries.cat\/es\/wp-json\/wp\/v2\/users\/2"}],"replies":[{"embeddable":true,"href":"https:\/\/joriarmengol.planetaries.cat\/es\/wp-json\/wp\/v2\/comments?post=573"}],"version-history":[{"count":6,"href":"https:\/\/joriarmengol.planetaries.cat\/es\/wp-json\/wp\/v2\/pages\/573\/revisions"}],"predecessor-version":[{"id":790,"href":"https:\/\/joriarmengol.planetaries.cat\/es\/wp-json\/wp\/v2\/pages\/573\/revisions\/790"}],"wp:attachment":[{"href":"https:\/\/joriarmengol.planetaries.cat\/es\/wp-json\/wp\/v2\/media?parent=573"}],"curies":[{"name":"wp","href":"https:\/\/api.w.org\/{rel}","templated":true}]}}