{"id":602,"date":"2026-01-21T12:21:09","date_gmt":"2026-01-21T12:21:09","guid":{"rendered":"https:\/\/instalacions.planetaries.cat\/?page_id=602"},"modified":"2026-01-21T12:21:09","modified_gmt":"2026-01-21T12:21:09","slug":"telecomunicacions-i-xarxes","status":"publish","type":"page","link":"https:\/\/joriarmengol.planetaries.cat\/es\/serveis\/telecomunicacions-i-xarxes\/","title":{"rendered":"Telecomunicaciones y redes"},"content":{"rendered":"<p>Los sistemas de telecomunicaciones son el eje vertebrador de cualquier entorno corporativo o comercial moderno. En APerez Instal\u00b7lacions ofrecemos soluciones completas de cableado estructurado, redes LAN\/WAN, sistemas de voz y datos, wifi profesional, y equipos de comunicaci\u00f3n de alta fiabilidad para garantizar conectividad estable y segura.<\/p>\n<p>Somos especialistas en la instalaci\u00f3n de infraestructuras para oficinas, bancos, naves log\u00edsticas, comercios y viviendas de gama alta, adapt\u00e1ndonos a cada configuraci\u00f3n con flexibilidad y criterio t\u00e9cnico. Coordinamos nuestro trabajo con ingenier\u00edas, arquitectos y responsables IT para garantizar una ejecuci\u00f3n limpia, ordenada y escalable. Tambi\u00e9n instalamos sistemas para TPVs, ATMs, telefon\u00eda IP, videovigilancia e integraci\u00f3n con sistemas dom\u00f3ticos o corporativos.<\/p>\n<h2><strong>Instalaci\u00f3n de sistemas de comunicaci\u00f3n estructurados, fiables y seguros.<\/strong><\/h2>","protected":false},"excerpt":{"rendered":"<p>Els sistemes de telecomunicacions s\u00f3n l\u2019eix vertebrador de qualsevol entorn corporatiu o comercial modern. A APerez Instal\u00b7lacions oferim solucions completes de cablejat estructurat, xarxes LAN\/WAN, sistemes de veu i dades, wifi professional, i equips de comunicaci\u00f3 d\u2019alta fiabilitat per garantir connectivitat estable i segura. Som especialistes en la instal\u00b7laci\u00f3 d\u2019infraestructures per a oficines, bancs, naus [&hellip;]<\/p>","protected":false},"author":2,"featured_media":706,"parent":612,"menu_order":0,"comment_status":"closed","ping_status":"closed","template":"page-producte.php","meta":{"_acf_changed":false,"footnotes":""},"class_list":["post-602","page","type-page","status-publish","has-post-thumbnail","hentry"],"acf":[],"yoast_head":"<!-- This site is optimized with the Yoast SEO plugin v26.9 - https:\/\/yoast.com\/product\/yoast-seo-wordpress\/ -->\n<title>Telecomunicacions i xarxes - Jori Armengol<\/title>\n<meta name=\"robots\" content=\"index, follow, max-snippet:-1, max-image-preview:large, max-video-preview:-1\" \/>\n<link rel=\"canonical\" href=\"https:\/\/joriarmengol.planetaries.cat\/es\/serveis\/telecomunicacions-i-xarxes\/\" \/>\n<meta property=\"og:locale\" content=\"es_ES\" \/>\n<meta property=\"og:type\" content=\"article\" \/>\n<meta property=\"og:title\" content=\"Telecomunicacions i xarxes - Jori Armengol\" \/>\n<meta property=\"og:description\" content=\"Els sistemes de telecomunicacions s\u00f3n l\u2019eix vertebrador de qualsevol entorn corporatiu o comercial modern. A APerez Instal\u00b7lacions oferim solucions completes de cablejat estructurat, xarxes LAN\/WAN, sistemes de veu i dades, wifi professional, i equips de comunicaci\u00f3 d\u2019alta fiabilitat per garantir connectivitat estable i segura. Som especialistes en la instal\u00b7laci\u00f3 d\u2019infraestructures per a oficines, bancs, naus [&hellip;]\" \/>\n<meta property=\"og:url\" content=\"https:\/\/joriarmengol.planetaries.cat\/es\/serveis\/telecomunicacions-i-xarxes\/\" \/>\n<meta property=\"og:site_name\" content=\"Jori Armengol\" \/>\n<meta property=\"og:image\" content=\"https:\/\/joriarmengol.planetaries.cat\/wp-content\/uploads\/2026\/01\/Gemini_Generated_Image_6xfa0d6xfa0d6xfa-5-1024x559.png\" \/>\n\t<meta property=\"og:image:width\" content=\"1024\" \/>\n\t<meta property=\"og:image:height\" content=\"559\" \/>\n\t<meta property=\"og:image:type\" content=\"image\/png\" \/>\n<meta name=\"twitter:card\" content=\"summary_large_image\" \/>\n<meta name=\"twitter:label1\" content=\"Tiempo de lectura\" \/>\n\t<meta name=\"twitter:data1\" content=\"1 minuto\" \/>\n<script type=\"application\/ld+json\" class=\"yoast-schema-graph\">{\"@context\":\"https:\/\/schema.org\",\"@graph\":[{\"@type\":\"WebPage\",\"@id\":\"https:\/\/joriarmengol.planetaries.cat\/serveis\/telecomunicacions-i-xarxes\/\",\"url\":\"https:\/\/joriarmengol.planetaries.cat\/serveis\/telecomunicacions-i-xarxes\/\",\"name\":\"Telecomunicacions i xarxes - Jori Armengol\",\"isPartOf\":{\"@id\":\"https:\/\/joriarmengol.planetaries.cat\/#website\"},\"primaryImageOfPage\":{\"@id\":\"https:\/\/joriarmengol.planetaries.cat\/serveis\/telecomunicacions-i-xarxes\/#primaryimage\"},\"image\":{\"@id\":\"https:\/\/joriarmengol.planetaries.cat\/serveis\/telecomunicacions-i-xarxes\/#primaryimage\"},\"thumbnailUrl\":\"https:\/\/joriarmengol.planetaries.cat\/wp-content\/uploads\/2026\/01\/Gemini_Generated_Image_6xfa0d6xfa0d6xfa-5-scaled.png\",\"datePublished\":\"2026-01-21T12:21:09+00:00\",\"breadcrumb\":{\"@id\":\"https:\/\/joriarmengol.planetaries.cat\/serveis\/telecomunicacions-i-xarxes\/#breadcrumb\"},\"inLanguage\":\"es\",\"potentialAction\":[{\"@type\":\"ReadAction\",\"target\":[\"https:\/\/joriarmengol.planetaries.cat\/serveis\/telecomunicacions-i-xarxes\/\"]}]},{\"@type\":\"ImageObject\",\"inLanguage\":\"es\",\"@id\":\"https:\/\/joriarmengol.planetaries.cat\/serveis\/telecomunicacions-i-xarxes\/#primaryimage\",\"url\":\"https:\/\/joriarmengol.planetaries.cat\/wp-content\/uploads\/2026\/01\/Gemini_Generated_Image_6xfa0d6xfa0d6xfa-5-scaled.png\",\"contentUrl\":\"https:\/\/joriarmengol.planetaries.cat\/wp-content\/uploads\/2026\/01\/Gemini_Generated_Image_6xfa0d6xfa0d6xfa-5-scaled.png\",\"width\":2560,\"height\":1396},{\"@type\":\"BreadcrumbList\",\"@id\":\"https:\/\/joriarmengol.planetaries.cat\/serveis\/telecomunicacions-i-xarxes\/#breadcrumb\",\"itemListElement\":[{\"@type\":\"ListItem\",\"position\":1,\"name\":\"Portada\",\"item\":\"https:\/\/joriarmengol.planetaries.cat\/\"},{\"@type\":\"ListItem\",\"position\":2,\"name\":\"Serveis\",\"item\":\"https:\/\/joriarmengol.planetaries.cat\/serveis\/\"},{\"@type\":\"ListItem\",\"position\":3,\"name\":\"Telecomunicacions i xarxes\"}]},{\"@type\":\"WebSite\",\"@id\":\"https:\/\/joriarmengol.planetaries.cat\/#website\",\"url\":\"https:\/\/joriarmengol.planetaries.cat\/\",\"name\":\"Jori Armengol\",\"description\":\"Soluciones aseguradoras a medida\",\"potentialAction\":[{\"@type\":\"SearchAction\",\"target\":{\"@type\":\"EntryPoint\",\"urlTemplate\":\"https:\/\/joriarmengol.planetaries.cat\/?s={search_term_string}\"},\"query-input\":{\"@type\":\"PropertyValueSpecification\",\"valueRequired\":true,\"valueName\":\"search_term_string\"}}],\"inLanguage\":\"es\"}]}<\/script>\n<!-- \/ Yoast SEO plugin. -->","yoast_head_json":{"title":"Telecomunicacions i xarxes - Jori Armengol","robots":{"index":"index","follow":"follow","max-snippet":"max-snippet:-1","max-image-preview":"max-image-preview:large","max-video-preview":"max-video-preview:-1"},"canonical":"https:\/\/joriarmengol.planetaries.cat\/es\/serveis\/telecomunicacions-i-xarxes\/","og_locale":"es_ES","og_type":"article","og_title":"Telecomunicacions i xarxes - Jori Armengol","og_description":"Els sistemes de telecomunicacions s\u00f3n l\u2019eix vertebrador de qualsevol entorn corporatiu o comercial modern. A APerez Instal\u00b7lacions oferim solucions completes de cablejat estructurat, xarxes LAN\/WAN, sistemes de veu i dades, wifi professional, i equips de comunicaci\u00f3 d\u2019alta fiabilitat per garantir connectivitat estable i segura. Som especialistes en la instal\u00b7laci\u00f3 d\u2019infraestructures per a oficines, bancs, naus [&hellip;]","og_url":"https:\/\/joriarmengol.planetaries.cat\/es\/serveis\/telecomunicacions-i-xarxes\/","og_site_name":"Jori Armengol","og_image":[{"width":1024,"height":559,"url":"https:\/\/joriarmengol.planetaries.cat\/wp-content\/uploads\/2026\/01\/Gemini_Generated_Image_6xfa0d6xfa0d6xfa-5-1024x559.png","type":"image\/png"}],"twitter_card":"summary_large_image","twitter_misc":{"Tiempo de lectura":"1 minuto"},"schema":{"@context":"https:\/\/schema.org","@graph":[{"@type":"WebPage","@id":"https:\/\/joriarmengol.planetaries.cat\/serveis\/telecomunicacions-i-xarxes\/","url":"https:\/\/joriarmengol.planetaries.cat\/serveis\/telecomunicacions-i-xarxes\/","name":"Telecomunicacions i xarxes - Jori Armengol","isPartOf":{"@id":"https:\/\/joriarmengol.planetaries.cat\/#website"},"primaryImageOfPage":{"@id":"https:\/\/joriarmengol.planetaries.cat\/serveis\/telecomunicacions-i-xarxes\/#primaryimage"},"image":{"@id":"https:\/\/joriarmengol.planetaries.cat\/serveis\/telecomunicacions-i-xarxes\/#primaryimage"},"thumbnailUrl":"https:\/\/joriarmengol.planetaries.cat\/wp-content\/uploads\/2026\/01\/Gemini_Generated_Image_6xfa0d6xfa0d6xfa-5-scaled.png","datePublished":"2026-01-21T12:21:09+00:00","breadcrumb":{"@id":"https:\/\/joriarmengol.planetaries.cat\/serveis\/telecomunicacions-i-xarxes\/#breadcrumb"},"inLanguage":"es","potentialAction":[{"@type":"ReadAction","target":["https:\/\/joriarmengol.planetaries.cat\/serveis\/telecomunicacions-i-xarxes\/"]}]},{"@type":"ImageObject","inLanguage":"es","@id":"https:\/\/joriarmengol.planetaries.cat\/serveis\/telecomunicacions-i-xarxes\/#primaryimage","url":"https:\/\/joriarmengol.planetaries.cat\/wp-content\/uploads\/2026\/01\/Gemini_Generated_Image_6xfa0d6xfa0d6xfa-5-scaled.png","contentUrl":"https:\/\/joriarmengol.planetaries.cat\/wp-content\/uploads\/2026\/01\/Gemini_Generated_Image_6xfa0d6xfa0d6xfa-5-scaled.png","width":2560,"height":1396},{"@type":"BreadcrumbList","@id":"https:\/\/joriarmengol.planetaries.cat\/serveis\/telecomunicacions-i-xarxes\/#breadcrumb","itemListElement":[{"@type":"ListItem","position":1,"name":"Portada","item":"https:\/\/joriarmengol.planetaries.cat\/"},{"@type":"ListItem","position":2,"name":"Serveis","item":"https:\/\/joriarmengol.planetaries.cat\/serveis\/"},{"@type":"ListItem","position":3,"name":"Telecomunicacions i xarxes"}]},{"@type":"WebSite","@id":"https:\/\/joriarmengol.planetaries.cat\/#website","url":"https:\/\/joriarmengol.planetaries.cat\/","name":"Jori Armengol","description":"Soluciones aseguradoras a medida","potentialAction":[{"@type":"SearchAction","target":{"@type":"EntryPoint","urlTemplate":"https:\/\/joriarmengol.planetaries.cat\/?s={search_term_string}"},"query-input":{"@type":"PropertyValueSpecification","valueRequired":true,"valueName":"search_term_string"}}],"inLanguage":"es"}]}},"_links":{"self":[{"href":"https:\/\/joriarmengol.planetaries.cat\/es\/wp-json\/wp\/v2\/pages\/602","targetHints":{"allow":["GET"]}}],"collection":[{"href":"https:\/\/joriarmengol.planetaries.cat\/es\/wp-json\/wp\/v2\/pages"}],"about":[{"href":"https:\/\/joriarmengol.planetaries.cat\/es\/wp-json\/wp\/v2\/types\/page"}],"author":[{"embeddable":true,"href":"https:\/\/joriarmengol.planetaries.cat\/es\/wp-json\/wp\/v2\/users\/2"}],"replies":[{"embeddable":true,"href":"https:\/\/joriarmengol.planetaries.cat\/es\/wp-json\/wp\/v2\/comments?post=602"}],"version-history":[{"count":2,"href":"https:\/\/joriarmengol.planetaries.cat\/es\/wp-json\/wp\/v2\/pages\/602\/revisions"}],"predecessor-version":[{"id":707,"href":"https:\/\/joriarmengol.planetaries.cat\/es\/wp-json\/wp\/v2\/pages\/602\/revisions\/707"}],"up":[{"embeddable":true,"href":"https:\/\/joriarmengol.planetaries.cat\/es\/wp-json\/wp\/v2\/pages\/612"}],"wp:featuredmedia":[{"embeddable":true,"href":"https:\/\/joriarmengol.planetaries.cat\/es\/wp-json\/wp\/v2\/media\/706"}],"wp:attachment":[{"href":"https:\/\/joriarmengol.planetaries.cat\/es\/wp-json\/wp\/v2\/media?parent=602"}],"curies":[{"name":"wp","href":"https:\/\/api.w.org\/{rel}","templated":true}]}}