{"id":669,"date":"2026-01-21T08:41:42","date_gmt":"2026-01-21T08:41:42","guid":{"rendered":"https:\/\/instalacions.planetaries.cat\/?page_id=669"},"modified":"2026-01-21T10:13:41","modified_gmt":"2026-01-21T10:13:41","slug":"retail-i-alimentacio","status":"publish","type":"page","link":"https:\/\/joriarmengol.planetaries.cat\/es\/sectors\/retail-i-alimentacio\/","title":{"rendered":"Retail y alimentaci\u00f3n"},"content":{"rendered":"<p>Los espacios comerciales requieren una ejecuci\u00f3n r\u00e1pida, coordinada y adaptada a la experiencia del cliente final. En APerez Instal\u00b7lacions ofrecemos soluciones completas para tiendas, cadenas de franquicias y establecimientos de alimentaci\u00f3n, cubriendo electricidad, climatizaci\u00f3n, redes, saneamiento y mantenimiento.<\/p>\n<p>Trabajamos con calendarios ajustados y con total coordinaci\u00f3n con otros oficios y equipos de retail, aportando eficiencia y fiabilidad a cada apertura o reforma. Nuestro conocimiento de los requisitos operativos y normativos del sector nos permite garantizar plazos, calidad y rendimiento.<\/p>\n<h2>Soluciones t\u00e9cnicas para tiendas, supermercados y franquicias de alimentaci\u00f3n.<\/h2>","protected":false},"excerpt":{"rendered":"<p>Los espacios comerciales requieren una ejecuci\u00f3n r\u00e1pida, coordinada y adaptada a la experiencia del cliente final. En APerez Instal\u00b7lacions ofrecemos soluciones completas para tiendas, cadenas de franquicias y establecimientos de alimentaci\u00f3n, cubriendo electricidad, climatizaci\u00f3n, redes, saneamiento y mantenimiento. Trabajamos con calendarios ajustados y con total coordinaci\u00f3n con otros oficios y equipos de retail, aportando eficiencia y [\u2026]<\/p>","protected":false},"author":2,"featured_media":700,"parent":641,"menu_order":0,"comment_status":"closed","ping_status":"closed","template":"page-sectors.php","meta":{"_acf_changed":false,"footnotes":""},"class_list":["post-669","page","type-page","status-publish","has-post-thumbnail","hentry"],"acf":[],"yoast_head":"<!-- This site is optimized with the Yoast SEO plugin v26.9 - https:\/\/yoast.com\/product\/yoast-seo-wordpress\/ -->\n<title>Retail i alimentaci\u00f3 - Jori Armengol<\/title>\n<meta name=\"robots\" content=\"index, follow, max-snippet:-1, max-image-preview:large, max-video-preview:-1\" \/>\n<link rel=\"canonical\" href=\"https:\/\/joriarmengol.planetaries.cat\/es\/sectors\/retail-i-alimentacio\/\" \/>\n<meta property=\"og:locale\" content=\"es_ES\" \/>\n<meta property=\"og:type\" content=\"article\" \/>\n<meta property=\"og:title\" content=\"Retail i alimentaci\u00f3 - Jori Armengol\" \/>\n<meta property=\"og:description\" content=\"Els espais comercials requereixen una execuci\u00f3 r\u00e0pida, coordinada i adaptada a l\u2019experi\u00e8ncia del client final. A APerez Instal\u00b7lacions oferim solucions completes per a botigues, cadenes de franqu\u00edcies i establiments d\u2019alimentaci\u00f3, cobrint electricitat, climatitzaci\u00f3, xarxes, sanejament i manteniment. Treballem amb calendaris ajustats i amb total coordinaci\u00f3 amb altres oficis i equips de retail, aportant efici\u00e8ncia i [&hellip;]\" \/>\n<meta property=\"og:url\" content=\"https:\/\/joriarmengol.planetaries.cat\/es\/sectors\/retail-i-alimentacio\/\" \/>\n<meta property=\"og:site_name\" content=\"Jori Armengol\" \/>\n<meta property=\"article:modified_time\" content=\"2026-01-21T10:13:41+00:00\" \/>\n<meta property=\"og:image\" content=\"https:\/\/joriarmengol.planetaries.cat\/wp-content\/uploads\/2026\/01\/iStock-2203493691-e1768990408872.jpg\" \/>\n\t<meta property=\"og:image:width\" content=\"1920\" \/>\n\t<meta property=\"og:image:height\" content=\"1281\" \/>\n\t<meta property=\"og:image:type\" content=\"image\/jpeg\" \/>\n<meta name=\"twitter:card\" content=\"summary_large_image\" \/>\n<meta name=\"twitter:label1\" content=\"Tiempo de lectura\" \/>\n\t<meta name=\"twitter:data1\" content=\"1 minuto\" \/>\n<script type=\"application\/ld+json\" class=\"yoast-schema-graph\">{\"@context\":\"https:\/\/schema.org\",\"@graph\":[{\"@type\":\"WebPage\",\"@id\":\"https:\/\/joriarmengol.planetaries.cat\/es\/sectors\/retail-i-alimentacio\/\",\"url\":\"https:\/\/joriarmengol.planetaries.cat\/es\/sectors\/retail-i-alimentacio\/\",\"name\":\"Retail i alimentaci\u00f3 - Jori Armengol\",\"isPartOf\":{\"@id\":\"https:\/\/joriarmengol.planetaries.cat\/#website\"},\"primaryImageOfPage\":{\"@id\":\"https:\/\/joriarmengol.planetaries.cat\/es\/sectors\/retail-i-alimentacio\/#primaryimage\"},\"image\":{\"@id\":\"https:\/\/joriarmengol.planetaries.cat\/es\/sectors\/retail-i-alimentacio\/#primaryimage\"},\"thumbnailUrl\":\"https:\/\/joriarmengol.planetaries.cat\/wp-content\/uploads\/2026\/01\/iStock-2203493691-e1768990408872.jpg\",\"datePublished\":\"2026-01-21T08:41:42+00:00\",\"dateModified\":\"2026-01-21T10:13:41+00:00\",\"breadcrumb\":{\"@id\":\"https:\/\/joriarmengol.planetaries.cat\/es\/sectors\/retail-i-alimentacio\/#breadcrumb\"},\"inLanguage\":\"es\",\"potentialAction\":[{\"@type\":\"ReadAction\",\"target\":[\"https:\/\/joriarmengol.planetaries.cat\/es\/sectors\/retail-i-alimentacio\/\"]}]},{\"@type\":\"ImageObject\",\"inLanguage\":\"es\",\"@id\":\"https:\/\/joriarmengol.planetaries.cat\/es\/sectors\/retail-i-alimentacio\/#primaryimage\",\"url\":\"https:\/\/joriarmengol.planetaries.cat\/wp-content\/uploads\/2026\/01\/iStock-2203493691-e1768990408872.jpg\",\"contentUrl\":\"https:\/\/joriarmengol.planetaries.cat\/wp-content\/uploads\/2026\/01\/iStock-2203493691-e1768990408872.jpg\",\"width\":1920,\"height\":1281,\"caption\":\"New York. USA. 03.05.2025. Modern cannabis dispensary interior with glass display counters, green decor and bright lighting in New York City.\"},{\"@type\":\"BreadcrumbList\",\"@id\":\"https:\/\/joriarmengol.planetaries.cat\/es\/sectors\/retail-i-alimentacio\/#breadcrumb\",\"itemListElement\":[{\"@type\":\"ListItem\",\"position\":1,\"name\":\"Portada\",\"item\":\"https:\/\/joriarmengol.planetaries.cat\/\"},{\"@type\":\"ListItem\",\"position\":2,\"name\":\"Sectors\",\"item\":\"https:\/\/joriarmengol.planetaries.cat\/es\/sectors\/\"},{\"@type\":\"ListItem\",\"position\":3,\"name\":\"Retail i alimentaci\u00f3\"}]},{\"@type\":\"WebSite\",\"@id\":\"https:\/\/joriarmengol.planetaries.cat\/#website\",\"url\":\"https:\/\/joriarmengol.planetaries.cat\/\",\"name\":\"Jori Armengol\",\"description\":\"Soluciones aseguradoras a medida\",\"potentialAction\":[{\"@type\":\"SearchAction\",\"target\":{\"@type\":\"EntryPoint\",\"urlTemplate\":\"https:\/\/joriarmengol.planetaries.cat\/?s={search_term_string}\"},\"query-input\":{\"@type\":\"PropertyValueSpecification\",\"valueRequired\":true,\"valueName\":\"search_term_string\"}}],\"inLanguage\":\"es\"}]}<\/script>\n<!-- \/ Yoast SEO plugin. -->","yoast_head_json":{"title":"Retail i alimentaci\u00f3 - Jori Armengol","robots":{"index":"index","follow":"follow","max-snippet":"max-snippet:-1","max-image-preview":"max-image-preview:large","max-video-preview":"max-video-preview:-1"},"canonical":"https:\/\/joriarmengol.planetaries.cat\/es\/sectors\/retail-i-alimentacio\/","og_locale":"es_ES","og_type":"article","og_title":"Retail i alimentaci\u00f3 - Jori Armengol","og_description":"Els espais comercials requereixen una execuci\u00f3 r\u00e0pida, coordinada i adaptada a l\u2019experi\u00e8ncia del client final. A APerez Instal\u00b7lacions oferim solucions completes per a botigues, cadenes de franqu\u00edcies i establiments d\u2019alimentaci\u00f3, cobrint electricitat, climatitzaci\u00f3, xarxes, sanejament i manteniment. Treballem amb calendaris ajustats i amb total coordinaci\u00f3 amb altres oficis i equips de retail, aportant efici\u00e8ncia i [&hellip;]","og_url":"https:\/\/joriarmengol.planetaries.cat\/es\/sectors\/retail-i-alimentacio\/","og_site_name":"Jori Armengol","article_modified_time":"2026-01-21T10:13:41+00:00","og_image":[{"width":1920,"height":1281,"url":"https:\/\/joriarmengol.planetaries.cat\/wp-content\/uploads\/2026\/01\/iStock-2203493691-e1768990408872.jpg","type":"image\/jpeg"}],"twitter_card":"summary_large_image","twitter_misc":{"Tiempo de lectura":"1 minuto"},"schema":{"@context":"https:\/\/schema.org","@graph":[{"@type":"WebPage","@id":"https:\/\/joriarmengol.planetaries.cat\/es\/sectors\/retail-i-alimentacio\/","url":"https:\/\/joriarmengol.planetaries.cat\/es\/sectors\/retail-i-alimentacio\/","name":"Retail i alimentaci\u00f3 - Jori Armengol","isPartOf":{"@id":"https:\/\/joriarmengol.planetaries.cat\/#website"},"primaryImageOfPage":{"@id":"https:\/\/joriarmengol.planetaries.cat\/es\/sectors\/retail-i-alimentacio\/#primaryimage"},"image":{"@id":"https:\/\/joriarmengol.planetaries.cat\/es\/sectors\/retail-i-alimentacio\/#primaryimage"},"thumbnailUrl":"https:\/\/joriarmengol.planetaries.cat\/wp-content\/uploads\/2026\/01\/iStock-2203493691-e1768990408872.jpg","datePublished":"2026-01-21T08:41:42+00:00","dateModified":"2026-01-21T10:13:41+00:00","breadcrumb":{"@id":"https:\/\/joriarmengol.planetaries.cat\/es\/sectors\/retail-i-alimentacio\/#breadcrumb"},"inLanguage":"es","potentialAction":[{"@type":"ReadAction","target":["https:\/\/joriarmengol.planetaries.cat\/es\/sectors\/retail-i-alimentacio\/"]}]},{"@type":"ImageObject","inLanguage":"es","@id":"https:\/\/joriarmengol.planetaries.cat\/es\/sectors\/retail-i-alimentacio\/#primaryimage","url":"https:\/\/joriarmengol.planetaries.cat\/wp-content\/uploads\/2026\/01\/iStock-2203493691-e1768990408872.jpg","contentUrl":"https:\/\/joriarmengol.planetaries.cat\/wp-content\/uploads\/2026\/01\/iStock-2203493691-e1768990408872.jpg","width":1920,"height":1281,"caption":"New York. USA. 03.05.2025. Modern cannabis dispensary interior with glass display counters, green decor and bright lighting in New York City."},{"@type":"BreadcrumbList","@id":"https:\/\/joriarmengol.planetaries.cat\/es\/sectors\/retail-i-alimentacio\/#breadcrumb","itemListElement":[{"@type":"ListItem","position":1,"name":"Portada","item":"https:\/\/joriarmengol.planetaries.cat\/"},{"@type":"ListItem","position":2,"name":"Sectors","item":"https:\/\/joriarmengol.planetaries.cat\/es\/sectors\/"},{"@type":"ListItem","position":3,"name":"Retail i alimentaci\u00f3"}]},{"@type":"WebSite","@id":"https:\/\/joriarmengol.planetaries.cat\/#website","url":"https:\/\/joriarmengol.planetaries.cat\/","name":"Jori Armengol","description":"Soluciones aseguradoras a medida","potentialAction":[{"@type":"SearchAction","target":{"@type":"EntryPoint","urlTemplate":"https:\/\/joriarmengol.planetaries.cat\/?s={search_term_string}"},"query-input":{"@type":"PropertyValueSpecification","valueRequired":true,"valueName":"search_term_string"}}],"inLanguage":"es"}]}},"_links":{"self":[{"href":"https:\/\/joriarmengol.planetaries.cat\/es\/wp-json\/wp\/v2\/pages\/669","targetHints":{"allow":["GET"]}}],"collection":[{"href":"https:\/\/joriarmengol.planetaries.cat\/es\/wp-json\/wp\/v2\/pages"}],"about":[{"href":"https:\/\/joriarmengol.planetaries.cat\/es\/wp-json\/wp\/v2\/types\/page"}],"author":[{"embeddable":true,"href":"https:\/\/joriarmengol.planetaries.cat\/es\/wp-json\/wp\/v2\/users\/2"}],"replies":[{"embeddable":true,"href":"https:\/\/joriarmengol.planetaries.cat\/es\/wp-json\/wp\/v2\/comments?post=669"}],"version-history":[{"count":9,"href":"https:\/\/joriarmengol.planetaries.cat\/es\/wp-json\/wp\/v2\/pages\/669\/revisions"}],"predecessor-version":[{"id":696,"href":"https:\/\/joriarmengol.planetaries.cat\/es\/wp-json\/wp\/v2\/pages\/669\/revisions\/696"}],"up":[{"embeddable":true,"href":"https:\/\/joriarmengol.planetaries.cat\/es\/wp-json\/wp\/v2\/pages\/641"}],"wp:featuredmedia":[{"embeddable":true,"href":"https:\/\/joriarmengol.planetaries.cat\/es\/wp-json\/wp\/v2\/media\/700"}],"wp:attachment":[{"href":"https:\/\/joriarmengol.planetaries.cat\/es\/wp-json\/wp\/v2\/media?parent=669"}],"curies":[{"name":"wp","href":"https:\/\/api.w.org\/{rel}","templated":true}]}}