{"id":681,"date":"2026-01-21T09:24:20","date_gmt":"2026-01-21T09:24:20","guid":{"rendered":"https:\/\/instalacions.planetaries.cat\/?page_id=681"},"modified":"2026-01-21T10:45:33","modified_gmt":"2026-01-21T10:45:33","slug":"restauracio","status":"publish","type":"page","link":"https:\/\/joriarmengol.planetaries.cat\/es\/sectors\/restauracio\/","title":{"rendered":"Restauraci\u00f3n"},"content":{"rendered":"<p>Cada proyecto de restauraci\u00f3n es un reto t\u00e9cnico y est\u00e9tico. Aportamos soluciones que respetan el dise\u00f1o arquitect\u00f3nico y garantizan el confort t\u00e9rmico, seguridad y funcionalidad de cada espacio. Nos adaptamos a los requerimientos espec\u00edficos de las cocinas industriales, salas de comedor y zonas de atenci\u00f3n al p\u00fablico.<\/p>\n<p>Trabajamos codo con codo con interioristas y responsables de obra para realizar instalaciones eficientes, seguras y discretas. Conocemos las normativas sanitarias, los flujos de usuarios y la importancia del control ac\u00fastico y t\u00e9rmico en estos entornos.<\/p>\n<h2>Instalaciones t\u00e9cnicas para restaurantes, cafeter\u00edas y cocinas profesionales.<\/h2>","protected":false},"excerpt":{"rendered":"<p>Cada projecte de restauraci\u00f3 \u00e9s un repte t\u00e8cnic i est\u00e8tic. Aportem solucions que respecten el disseny arquitect\u00f2nic i garanteixen el confort t\u00e8rmic, la seguretat i la funcionalitat de cada espai. Ens adaptem als requeriments espec\u00edfics de les cuines industrials, sales de menjador i zones d\u2019atenci\u00f3 al p\u00fablic. Treballem colze a colze amb interioristes i responsables [&hellip;]<\/p>","protected":false},"author":2,"featured_media":698,"parent":641,"menu_order":0,"comment_status":"closed","ping_status":"closed","template":"page-sectors.php","meta":{"_acf_changed":false,"footnotes":""},"class_list":["post-681","page","type-page","status-publish","has-post-thumbnail","hentry"],"acf":[],"yoast_head":"<!-- This site is optimized with the Yoast SEO plugin v26.9 - https:\/\/yoast.com\/product\/yoast-seo-wordpress\/ -->\n<title>Restauraci\u00f3 - Jori Armengol<\/title>\n<meta name=\"robots\" content=\"index, follow, max-snippet:-1, max-image-preview:large, max-video-preview:-1\" \/>\n<link rel=\"canonical\" href=\"https:\/\/joriarmengol.planetaries.cat\/es\/sectors\/restauracio\/\" \/>\n<meta property=\"og:locale\" content=\"es_ES\" \/>\n<meta property=\"og:type\" content=\"article\" \/>\n<meta property=\"og:title\" content=\"Restauraci\u00f3 - Jori Armengol\" \/>\n<meta property=\"og:description\" content=\"Cada projecte de restauraci\u00f3 \u00e9s un repte t\u00e8cnic i est\u00e8tic. Aportem solucions que respecten el disseny arquitect\u00f2nic i garanteixen el confort t\u00e8rmic, la seguretat i la funcionalitat de cada espai. Ens adaptem als requeriments espec\u00edfics de les cuines industrials, sales de menjador i zones d\u2019atenci\u00f3 al p\u00fablic. Treballem colze a colze amb interioristes i responsables [&hellip;]\" \/>\n<meta property=\"og:url\" content=\"https:\/\/joriarmengol.planetaries.cat\/es\/sectors\/restauracio\/\" \/>\n<meta property=\"og:site_name\" content=\"Jori Armengol\" \/>\n<meta property=\"article:modified_time\" content=\"2026-01-21T10:45:33+00:00\" \/>\n<meta property=\"og:image\" content=\"https:\/\/joriarmengol.planetaries.cat\/wp-content\/uploads\/2026\/01\/iStock-1211547141-scaled.jpg\" \/>\n\t<meta property=\"og:image:width\" content=\"2560\" \/>\n\t<meta property=\"og:image:height\" content=\"1708\" \/>\n\t<meta property=\"og:image:type\" content=\"image\/jpeg\" \/>\n<meta name=\"twitter:card\" content=\"summary_large_image\" \/>\n<meta name=\"twitter:label1\" content=\"Tiempo de lectura\" \/>\n\t<meta name=\"twitter:data1\" content=\"1 minuto\" \/>\n<script type=\"application\/ld+json\" class=\"yoast-schema-graph\">{\"@context\":\"https:\/\/schema.org\",\"@graph\":[{\"@type\":\"WebPage\",\"@id\":\"https:\/\/joriarmengol.planetaries.cat\/sectors\/restauracio\/\",\"url\":\"https:\/\/joriarmengol.planetaries.cat\/sectors\/restauracio\/\",\"name\":\"Restauraci\u00f3 - Jori Armengol\",\"isPartOf\":{\"@id\":\"https:\/\/joriarmengol.planetaries.cat\/#website\"},\"primaryImageOfPage\":{\"@id\":\"https:\/\/joriarmengol.planetaries.cat\/sectors\/restauracio\/#primaryimage\"},\"image\":{\"@id\":\"https:\/\/joriarmengol.planetaries.cat\/sectors\/restauracio\/#primaryimage\"},\"thumbnailUrl\":\"https:\/\/joriarmengol.planetaries.cat\/wp-content\/uploads\/2026\/01\/iStock-1211547141-scaled.jpg\",\"datePublished\":\"2026-01-21T09:24:20+00:00\",\"dateModified\":\"2026-01-21T10:45:33+00:00\",\"breadcrumb\":{\"@id\":\"https:\/\/joriarmengol.planetaries.cat\/sectors\/restauracio\/#breadcrumb\"},\"inLanguage\":\"es\",\"potentialAction\":[{\"@type\":\"ReadAction\",\"target\":[\"https:\/\/joriarmengol.planetaries.cat\/sectors\/restauracio\/\"]}]},{\"@type\":\"ImageObject\",\"inLanguage\":\"es\",\"@id\":\"https:\/\/joriarmengol.planetaries.cat\/sectors\/restauracio\/#primaryimage\",\"url\":\"https:\/\/joriarmengol.planetaries.cat\/wp-content\/uploads\/2026\/01\/iStock-1211547141-scaled.jpg\",\"contentUrl\":\"https:\/\/joriarmengol.planetaries.cat\/wp-content\/uploads\/2026\/01\/iStock-1211547141-scaled.jpg\",\"width\":2560,\"height\":1708,\"caption\":\"modern restaurant interior design concept. 3d rendering\"},{\"@type\":\"BreadcrumbList\",\"@id\":\"https:\/\/joriarmengol.planetaries.cat\/sectors\/restauracio\/#breadcrumb\",\"itemListElement\":[{\"@type\":\"ListItem\",\"position\":1,\"name\":\"Portada\",\"item\":\"https:\/\/joriarmengol.planetaries.cat\/\"},{\"@type\":\"ListItem\",\"position\":2,\"name\":\"Sectors\",\"item\":\"https:\/\/joriarmengol.planetaries.cat\/es\/sectors\/\"},{\"@type\":\"ListItem\",\"position\":3,\"name\":\"Restauraci\u00f3\"}]},{\"@type\":\"WebSite\",\"@id\":\"https:\/\/joriarmengol.planetaries.cat\/#website\",\"url\":\"https:\/\/joriarmengol.planetaries.cat\/\",\"name\":\"Jori Armengol\",\"description\":\"Soluciones aseguradoras a medida\",\"potentialAction\":[{\"@type\":\"SearchAction\",\"target\":{\"@type\":\"EntryPoint\",\"urlTemplate\":\"https:\/\/joriarmengol.planetaries.cat\/?s={search_term_string}\"},\"query-input\":{\"@type\":\"PropertyValueSpecification\",\"valueRequired\":true,\"valueName\":\"search_term_string\"}}],\"inLanguage\":\"es\"}]}<\/script>\n<!-- \/ Yoast SEO plugin. -->","yoast_head_json":{"title":"Restauraci\u00f3 - Jori Armengol","robots":{"index":"index","follow":"follow","max-snippet":"max-snippet:-1","max-image-preview":"max-image-preview:large","max-video-preview":"max-video-preview:-1"},"canonical":"https:\/\/joriarmengol.planetaries.cat\/es\/sectors\/restauracio\/","og_locale":"es_ES","og_type":"article","og_title":"Restauraci\u00f3 - Jori Armengol","og_description":"Cada projecte de restauraci\u00f3 \u00e9s un repte t\u00e8cnic i est\u00e8tic. Aportem solucions que respecten el disseny arquitect\u00f2nic i garanteixen el confort t\u00e8rmic, la seguretat i la funcionalitat de cada espai. Ens adaptem als requeriments espec\u00edfics de les cuines industrials, sales de menjador i zones d\u2019atenci\u00f3 al p\u00fablic. Treballem colze a colze amb interioristes i responsables [&hellip;]","og_url":"https:\/\/joriarmengol.planetaries.cat\/es\/sectors\/restauracio\/","og_site_name":"Jori Armengol","article_modified_time":"2026-01-21T10:45:33+00:00","og_image":[{"width":2560,"height":1708,"url":"https:\/\/joriarmengol.planetaries.cat\/wp-content\/uploads\/2026\/01\/iStock-1211547141-scaled.jpg","type":"image\/jpeg"}],"twitter_card":"summary_large_image","twitter_misc":{"Tiempo de lectura":"1 minuto"},"schema":{"@context":"https:\/\/schema.org","@graph":[{"@type":"WebPage","@id":"https:\/\/joriarmengol.planetaries.cat\/sectors\/restauracio\/","url":"https:\/\/joriarmengol.planetaries.cat\/sectors\/restauracio\/","name":"Restauraci\u00f3 - Jori Armengol","isPartOf":{"@id":"https:\/\/joriarmengol.planetaries.cat\/#website"},"primaryImageOfPage":{"@id":"https:\/\/joriarmengol.planetaries.cat\/sectors\/restauracio\/#primaryimage"},"image":{"@id":"https:\/\/joriarmengol.planetaries.cat\/sectors\/restauracio\/#primaryimage"},"thumbnailUrl":"https:\/\/joriarmengol.planetaries.cat\/wp-content\/uploads\/2026\/01\/iStock-1211547141-scaled.jpg","datePublished":"2026-01-21T09:24:20+00:00","dateModified":"2026-01-21T10:45:33+00:00","breadcrumb":{"@id":"https:\/\/joriarmengol.planetaries.cat\/sectors\/restauracio\/#breadcrumb"},"inLanguage":"es","potentialAction":[{"@type":"ReadAction","target":["https:\/\/joriarmengol.planetaries.cat\/sectors\/restauracio\/"]}]},{"@type":"ImageObject","inLanguage":"es","@id":"https:\/\/joriarmengol.planetaries.cat\/sectors\/restauracio\/#primaryimage","url":"https:\/\/joriarmengol.planetaries.cat\/wp-content\/uploads\/2026\/01\/iStock-1211547141-scaled.jpg","contentUrl":"https:\/\/joriarmengol.planetaries.cat\/wp-content\/uploads\/2026\/01\/iStock-1211547141-scaled.jpg","width":2560,"height":1708,"caption":"modern restaurant interior design concept. 3d rendering"},{"@type":"BreadcrumbList","@id":"https:\/\/joriarmengol.planetaries.cat\/sectors\/restauracio\/#breadcrumb","itemListElement":[{"@type":"ListItem","position":1,"name":"Portada","item":"https:\/\/joriarmengol.planetaries.cat\/"},{"@type":"ListItem","position":2,"name":"Sectors","item":"https:\/\/joriarmengol.planetaries.cat\/es\/sectors\/"},{"@type":"ListItem","position":3,"name":"Restauraci\u00f3"}]},{"@type":"WebSite","@id":"https:\/\/joriarmengol.planetaries.cat\/#website","url":"https:\/\/joriarmengol.planetaries.cat\/","name":"Jori Armengol","description":"Soluciones aseguradoras a medida","potentialAction":[{"@type":"SearchAction","target":{"@type":"EntryPoint","urlTemplate":"https:\/\/joriarmengol.planetaries.cat\/?s={search_term_string}"},"query-input":{"@type":"PropertyValueSpecification","valueRequired":true,"valueName":"search_term_string"}}],"inLanguage":"es"}]}},"_links":{"self":[{"href":"https:\/\/joriarmengol.planetaries.cat\/es\/wp-json\/wp\/v2\/pages\/681","targetHints":{"allow":["GET"]}}],"collection":[{"href":"https:\/\/joriarmengol.planetaries.cat\/es\/wp-json\/wp\/v2\/pages"}],"about":[{"href":"https:\/\/joriarmengol.planetaries.cat\/es\/wp-json\/wp\/v2\/types\/page"}],"author":[{"embeddable":true,"href":"https:\/\/joriarmengol.planetaries.cat\/es\/wp-json\/wp\/v2\/users\/2"}],"replies":[{"embeddable":true,"href":"https:\/\/joriarmengol.planetaries.cat\/es\/wp-json\/wp\/v2\/comments?post=681"}],"version-history":[{"count":3,"href":"https:\/\/joriarmengol.planetaries.cat\/es\/wp-json\/wp\/v2\/pages\/681\/revisions"}],"predecessor-version":[{"id":705,"href":"https:\/\/joriarmengol.planetaries.cat\/es\/wp-json\/wp\/v2\/pages\/681\/revisions\/705"}],"up":[{"embeddable":true,"href":"https:\/\/joriarmengol.planetaries.cat\/es\/wp-json\/wp\/v2\/pages\/641"}],"wp:featuredmedia":[{"embeddable":true,"href":"https:\/\/joriarmengol.planetaries.cat\/es\/wp-json\/wp\/v2\/media\/698"}],"wp:attachment":[{"href":"https:\/\/joriarmengol.planetaries.cat\/es\/wp-json\/wp\/v2\/media?parent=681"}],"curies":[{"name":"wp","href":"https:\/\/api.w.org\/{rel}","templated":true}]}}