{"id":686,"date":"2026-01-21T09:41:32","date_gmt":"2026-01-21T09:41:32","guid":{"rendered":"https:\/\/instalacions.planetaries.cat\/?page_id=686"},"modified":"2026-01-21T09:52:07","modified_gmt":"2026-01-21T09:52:07","slug":"sector-bancari","status":"publish","type":"page","link":"https:\/\/joriarmengol.planetaries.cat\/es\/sectors\/sector-bancari\/","title":{"rendered":"Sector bancario"},"content":{"rendered":"<p>La banca y seguros requieren instalaciones con m\u00e1xima fiabilidad y m\u00ednima interferencia. En APerez Instal\u00b7lacions ofrecemos servicios t\u00e9cnicos discretos, eficientes y adaptados a los protocolos internos del sector bancario. Intervenimos tanto en oficinas comerciales como en centros corporativos y espacios operativos.<\/p>\n<p>Conocemos la importancia de trabajar en espacios en funcionamiento, con calendarios cerrados, permisos de acceso y protocolos de seguridad. Por eso ofrecemos un interlocutor \u00fanico, alta capacidad de coordinaci\u00f3n y plena trazabilidad en cada intervenci\u00f3n.<\/p>\n<h2><strong>Rigor, seguridad y confidencialidad para espacios de servicios financieros.<\/strong><\/h2>","protected":false},"excerpt":{"rendered":"<p>La banca i les assegurances requereixen instal\u00b7lacions amb m\u00e0xima fiabilitat i m\u00ednima interfer\u00e8ncia. A APerez Instal\u00b7lacions oferim serveis t\u00e8cnics discrets, eficients i adaptats als protocols interns del sector bancari. Intervenim tant en oficines comercials com en centres corporatius i espais operatius. Coneixem la import\u00e0ncia de treballar en espais en funcionament, amb calendaris tancats, permisos d&#8217;acc\u00e9s [&hellip;]<\/p>","protected":false},"author":2,"featured_media":689,"parent":641,"menu_order":0,"comment_status":"closed","ping_status":"closed","template":"page-sectors.php","meta":{"_acf_changed":false,"footnotes":""},"class_list":["post-686","page","type-page","status-publish","has-post-thumbnail","hentry"],"acf":[],"yoast_head":"<!-- This site is optimized with the Yoast SEO plugin v26.9 - https:\/\/yoast.com\/product\/yoast-seo-wordpress\/ -->\n<title>Sector bancari - Jori Armengol<\/title>\n<meta name=\"robots\" content=\"index, follow, max-snippet:-1, max-image-preview:large, max-video-preview:-1\" \/>\n<link rel=\"canonical\" href=\"https:\/\/joriarmengol.planetaries.cat\/es\/sectors\/sector-bancari\/\" \/>\n<meta property=\"og:locale\" content=\"es_ES\" \/>\n<meta property=\"og:type\" content=\"article\" \/>\n<meta property=\"og:title\" content=\"Sector bancari - Jori Armengol\" \/>\n<meta property=\"og:description\" content=\"La banca i les assegurances requereixen instal\u00b7lacions amb m\u00e0xima fiabilitat i m\u00ednima interfer\u00e8ncia. A APerez Instal\u00b7lacions oferim serveis t\u00e8cnics discrets, eficients i adaptats als protocols interns del sector bancari. Intervenim tant en oficines comercials com en centres corporatius i espais operatius. Coneixem la import\u00e0ncia de treballar en espais en funcionament, amb calendaris tancats, permisos d&#8217;acc\u00e9s [&hellip;]\" \/>\n<meta property=\"og:url\" content=\"https:\/\/joriarmengol.planetaries.cat\/es\/sectors\/sector-bancari\/\" \/>\n<meta property=\"og:site_name\" content=\"Jori Armengol\" \/>\n<meta property=\"article:modified_time\" content=\"2026-01-21T09:52:07+00:00\" \/>\n<meta property=\"og:image\" content=\"https:\/\/joriarmengol.planetaries.cat\/wp-content\/uploads\/2026\/01\/bancs.jpg\" \/>\n\t<meta property=\"og:image:width\" content=\"1920\" \/>\n\t<meta property=\"og:image:height\" content=\"987\" \/>\n\t<meta property=\"og:image:type\" content=\"image\/jpeg\" \/>\n<meta name=\"twitter:card\" content=\"summary_large_image\" \/>\n<meta name=\"twitter:label1\" content=\"Tiempo de lectura\" \/>\n\t<meta name=\"twitter:data1\" content=\"1 minuto\" \/>\n<script type=\"application\/ld+json\" class=\"yoast-schema-graph\">{\"@context\":\"https:\/\/schema.org\",\"@graph\":[{\"@type\":\"WebPage\",\"@id\":\"https:\/\/joriarmengol.planetaries.cat\/sectors\/sector-bancari\/\",\"url\":\"https:\/\/joriarmengol.planetaries.cat\/sectors\/sector-bancari\/\",\"name\":\"Sector bancari - Jori Armengol\",\"isPartOf\":{\"@id\":\"https:\/\/joriarmengol.planetaries.cat\/#website\"},\"primaryImageOfPage\":{\"@id\":\"https:\/\/joriarmengol.planetaries.cat\/sectors\/sector-bancari\/#primaryimage\"},\"image\":{\"@id\":\"https:\/\/joriarmengol.planetaries.cat\/sectors\/sector-bancari\/#primaryimage\"},\"thumbnailUrl\":\"https:\/\/joriarmengol.planetaries.cat\/wp-content\/uploads\/2026\/01\/bancs.jpg\",\"datePublished\":\"2026-01-21T09:41:32+00:00\",\"dateModified\":\"2026-01-21T09:52:07+00:00\",\"breadcrumb\":{\"@id\":\"https:\/\/joriarmengol.planetaries.cat\/sectors\/sector-bancari\/#breadcrumb\"},\"inLanguage\":\"es\",\"potentialAction\":[{\"@type\":\"ReadAction\",\"target\":[\"https:\/\/joriarmengol.planetaries.cat\/sectors\/sector-bancari\/\"]}]},{\"@type\":\"ImageObject\",\"inLanguage\":\"es\",\"@id\":\"https:\/\/joriarmengol.planetaries.cat\/sectors\/sector-bancari\/#primaryimage\",\"url\":\"https:\/\/joriarmengol.planetaries.cat\/wp-content\/uploads\/2026\/01\/bancs.jpg\",\"contentUrl\":\"https:\/\/joriarmengol.planetaries.cat\/wp-content\/uploads\/2026\/01\/bancs.jpg\",\"width\":1920,\"height\":987},{\"@type\":\"BreadcrumbList\",\"@id\":\"https:\/\/joriarmengol.planetaries.cat\/sectors\/sector-bancari\/#breadcrumb\",\"itemListElement\":[{\"@type\":\"ListItem\",\"position\":1,\"name\":\"Portada\",\"item\":\"https:\/\/joriarmengol.planetaries.cat\/\"},{\"@type\":\"ListItem\",\"position\":2,\"name\":\"Sectors\",\"item\":\"https:\/\/joriarmengol.planetaries.cat\/es\/sectors\/\"},{\"@type\":\"ListItem\",\"position\":3,\"name\":\"Sector bancari\"}]},{\"@type\":\"WebSite\",\"@id\":\"https:\/\/joriarmengol.planetaries.cat\/#website\",\"url\":\"https:\/\/joriarmengol.planetaries.cat\/\",\"name\":\"Jori Armengol\",\"description\":\"Soluciones aseguradoras a medida\",\"potentialAction\":[{\"@type\":\"SearchAction\",\"target\":{\"@type\":\"EntryPoint\",\"urlTemplate\":\"https:\/\/joriarmengol.planetaries.cat\/?s={search_term_string}\"},\"query-input\":{\"@type\":\"PropertyValueSpecification\",\"valueRequired\":true,\"valueName\":\"search_term_string\"}}],\"inLanguage\":\"es\"}]}<\/script>\n<!-- \/ Yoast SEO plugin. -->","yoast_head_json":{"title":"Sector bancari - Jori Armengol","robots":{"index":"index","follow":"follow","max-snippet":"max-snippet:-1","max-image-preview":"max-image-preview:large","max-video-preview":"max-video-preview:-1"},"canonical":"https:\/\/joriarmengol.planetaries.cat\/es\/sectors\/sector-bancari\/","og_locale":"es_ES","og_type":"article","og_title":"Sector bancari - Jori Armengol","og_description":"La banca i les assegurances requereixen instal\u00b7lacions amb m\u00e0xima fiabilitat i m\u00ednima interfer\u00e8ncia. A APerez Instal\u00b7lacions oferim serveis t\u00e8cnics discrets, eficients i adaptats als protocols interns del sector bancari. Intervenim tant en oficines comercials com en centres corporatius i espais operatius. Coneixem la import\u00e0ncia de treballar en espais en funcionament, amb calendaris tancats, permisos d&#8217;acc\u00e9s [&hellip;]","og_url":"https:\/\/joriarmengol.planetaries.cat\/es\/sectors\/sector-bancari\/","og_site_name":"Jori Armengol","article_modified_time":"2026-01-21T09:52:07+00:00","og_image":[{"width":1920,"height":987,"url":"https:\/\/joriarmengol.planetaries.cat\/wp-content\/uploads\/2026\/01\/bancs.jpg","type":"image\/jpeg"}],"twitter_card":"summary_large_image","twitter_misc":{"Tiempo de lectura":"1 minuto"},"schema":{"@context":"https:\/\/schema.org","@graph":[{"@type":"WebPage","@id":"https:\/\/joriarmengol.planetaries.cat\/sectors\/sector-bancari\/","url":"https:\/\/joriarmengol.planetaries.cat\/sectors\/sector-bancari\/","name":"Sector bancari - Jori Armengol","isPartOf":{"@id":"https:\/\/joriarmengol.planetaries.cat\/#website"},"primaryImageOfPage":{"@id":"https:\/\/joriarmengol.planetaries.cat\/sectors\/sector-bancari\/#primaryimage"},"image":{"@id":"https:\/\/joriarmengol.planetaries.cat\/sectors\/sector-bancari\/#primaryimage"},"thumbnailUrl":"https:\/\/joriarmengol.planetaries.cat\/wp-content\/uploads\/2026\/01\/bancs.jpg","datePublished":"2026-01-21T09:41:32+00:00","dateModified":"2026-01-21T09:52:07+00:00","breadcrumb":{"@id":"https:\/\/joriarmengol.planetaries.cat\/sectors\/sector-bancari\/#breadcrumb"},"inLanguage":"es","potentialAction":[{"@type":"ReadAction","target":["https:\/\/joriarmengol.planetaries.cat\/sectors\/sector-bancari\/"]}]},{"@type":"ImageObject","inLanguage":"es","@id":"https:\/\/joriarmengol.planetaries.cat\/sectors\/sector-bancari\/#primaryimage","url":"https:\/\/joriarmengol.planetaries.cat\/wp-content\/uploads\/2026\/01\/bancs.jpg","contentUrl":"https:\/\/joriarmengol.planetaries.cat\/wp-content\/uploads\/2026\/01\/bancs.jpg","width":1920,"height":987},{"@type":"BreadcrumbList","@id":"https:\/\/joriarmengol.planetaries.cat\/sectors\/sector-bancari\/#breadcrumb","itemListElement":[{"@type":"ListItem","position":1,"name":"Portada","item":"https:\/\/joriarmengol.planetaries.cat\/"},{"@type":"ListItem","position":2,"name":"Sectors","item":"https:\/\/joriarmengol.planetaries.cat\/es\/sectors\/"},{"@type":"ListItem","position":3,"name":"Sector bancari"}]},{"@type":"WebSite","@id":"https:\/\/joriarmengol.planetaries.cat\/#website","url":"https:\/\/joriarmengol.planetaries.cat\/","name":"Jori Armengol","description":"Soluciones aseguradoras a medida","potentialAction":[{"@type":"SearchAction","target":{"@type":"EntryPoint","urlTemplate":"https:\/\/joriarmengol.planetaries.cat\/?s={search_term_string}"},"query-input":{"@type":"PropertyValueSpecification","valueRequired":true,"valueName":"search_term_string"}}],"inLanguage":"es"}]}},"_links":{"self":[{"href":"https:\/\/joriarmengol.planetaries.cat\/es\/wp-json\/wp\/v2\/pages\/686","targetHints":{"allow":["GET"]}}],"collection":[{"href":"https:\/\/joriarmengol.planetaries.cat\/es\/wp-json\/wp\/v2\/pages"}],"about":[{"href":"https:\/\/joriarmengol.planetaries.cat\/es\/wp-json\/wp\/v2\/types\/page"}],"author":[{"embeddable":true,"href":"https:\/\/joriarmengol.planetaries.cat\/es\/wp-json\/wp\/v2\/users\/2"}],"replies":[{"embeddable":true,"href":"https:\/\/joriarmengol.planetaries.cat\/es\/wp-json\/wp\/v2\/comments?post=686"}],"version-history":[{"count":3,"href":"https:\/\/joriarmengol.planetaries.cat\/es\/wp-json\/wp\/v2\/pages\/686\/revisions"}],"predecessor-version":[{"id":691,"href":"https:\/\/joriarmengol.planetaries.cat\/es\/wp-json\/wp\/v2\/pages\/686\/revisions\/691"}],"up":[{"embeddable":true,"href":"https:\/\/joriarmengol.planetaries.cat\/es\/wp-json\/wp\/v2\/pages\/641"}],"wp:featuredmedia":[{"embeddable":true,"href":"https:\/\/joriarmengol.planetaries.cat\/es\/wp-json\/wp\/v2\/media\/689"}],"wp:attachment":[{"href":"https:\/\/joriarmengol.planetaries.cat\/es\/wp-json\/wp\/v2\/media?parent=686"}],"curies":[{"name":"wp","href":"https:\/\/api.w.org\/{rel}","templated":true}]}}