{"id":701,"date":"2026-01-21T10:35:50","date_gmt":"2026-01-21T10:35:50","guid":{"rendered":"https:\/\/instalacions.planetaries.cat\/?page_id=701"},"modified":"2026-01-21T10:35:50","modified_gmt":"2026-01-21T10:35:50","slug":"altres-sectors","status":"publish","type":"page","link":"https:\/\/joriarmengol.planetaries.cat\/es\/sectors\/altres-sectors\/","title":{"rendered":"Otros sectores"},"content":{"rendered":"<p>Adem\u00e1s de los principales sectores, APerez Instal\u00b7lacions tambi\u00e9n aporta soluciones a espacios como centros educativos, oficinas corporativas, naves industriales y equipamientos p\u00fablicos. Cada uno de estos \u00e1mbitos exige una respuesta t\u00e9cnica a la medida, con conocimiento normativo y capacidad de coordinaci\u00f3n.<\/p>\n<p>Somos expertos en la gesti\u00f3n de proyectos con calendarios ajustados, entornos activos o condicionantes espec\u00edficos de seguridad, confort o mantenimiento. Trabajamos con gestores p\u00fablicos y privados para ofrecer instalaciones de confianza en cada caso.<\/p>\n<h2>Experiencia contrastada en diversos sectores con altas exigencias operativas.<\/h2>","protected":false},"excerpt":{"rendered":"<p>A m\u00e9s dels sectors principals, APerez Instal\u00b7lacions tamb\u00e9 aporta solucions a espais com centres educatius, oficines corporatives, naus industrials i equipaments p\u00fablics. Cadascun d\u2019aquests \u00e0mbits exigeix una resposta t\u00e8cnica a mida, amb coneixement normatiu i capacitat de coordinaci\u00f3. Som experts en gestionar projectes amb calendaris ajustats, entorns actius o condicionants espec\u00edfics de seguretat, confort o [&hellip;]<\/p>","protected":false},"author":2,"featured_media":703,"parent":641,"menu_order":0,"comment_status":"closed","ping_status":"closed","template":"page-sectors.php","meta":{"_acf_changed":false,"footnotes":""},"class_list":["post-701","page","type-page","status-publish","has-post-thumbnail","hentry"],"acf":[],"yoast_head":"<!-- This site is optimized with the Yoast SEO plugin v26.9 - https:\/\/yoast.com\/product\/yoast-seo-wordpress\/ -->\n<title>Altres sectors - Jori Armengol<\/title>\n<meta name=\"robots\" content=\"index, follow, max-snippet:-1, max-image-preview:large, max-video-preview:-1\" \/>\n<link rel=\"canonical\" href=\"https:\/\/joriarmengol.planetaries.cat\/es\/sectors\/altres-sectors\/\" \/>\n<meta property=\"og:locale\" content=\"es_ES\" \/>\n<meta property=\"og:type\" content=\"article\" \/>\n<meta property=\"og:title\" content=\"Altres sectors - Jori Armengol\" \/>\n<meta property=\"og:description\" content=\"A m\u00e9s dels sectors principals, APerez Instal\u00b7lacions tamb\u00e9 aporta solucions a espais com centres educatius, oficines corporatives, naus industrials i equipaments p\u00fablics. Cadascun d\u2019aquests \u00e0mbits exigeix una resposta t\u00e8cnica a mida, amb coneixement normatiu i capacitat de coordinaci\u00f3. Som experts en gestionar projectes amb calendaris ajustats, entorns actius o condicionants espec\u00edfics de seguretat, confort o [&hellip;]\" \/>\n<meta property=\"og:url\" content=\"https:\/\/joriarmengol.planetaries.cat\/es\/sectors\/altres-sectors\/\" \/>\n<meta property=\"og:site_name\" content=\"Jori Armengol\" \/>\n<meta property=\"og:image\" content=\"https:\/\/joriarmengol.planetaries.cat\/wp-content\/uploads\/2026\/01\/iStock-2220590910-scaled.jpg\" \/>\n\t<meta property=\"og:image:width\" content=\"2560\" \/>\n\t<meta property=\"og:image:height\" content=\"1709\" \/>\n\t<meta property=\"og:image:type\" content=\"image\/jpeg\" \/>\n<meta name=\"twitter:card\" content=\"summary_large_image\" \/>\n<meta name=\"twitter:label1\" content=\"Tiempo de lectura\" \/>\n\t<meta name=\"twitter:data1\" content=\"1 minuto\" \/>\n<script type=\"application\/ld+json\" class=\"yoast-schema-graph\">{\"@context\":\"https:\/\/schema.org\",\"@graph\":[{\"@type\":\"WebPage\",\"@id\":\"https:\/\/joriarmengol.planetaries.cat\/sectors\/altres-sectors\/\",\"url\":\"https:\/\/joriarmengol.planetaries.cat\/sectors\/altres-sectors\/\",\"name\":\"Altres sectors - Jori Armengol\",\"isPartOf\":{\"@id\":\"https:\/\/joriarmengol.planetaries.cat\/#website\"},\"primaryImageOfPage\":{\"@id\":\"https:\/\/joriarmengol.planetaries.cat\/sectors\/altres-sectors\/#primaryimage\"},\"image\":{\"@id\":\"https:\/\/joriarmengol.planetaries.cat\/sectors\/altres-sectors\/#primaryimage\"},\"thumbnailUrl\":\"https:\/\/joriarmengol.planetaries.cat\/wp-content\/uploads\/2026\/01\/iStock-2220590910-scaled.jpg\",\"datePublished\":\"2026-01-21T10:35:50+00:00\",\"breadcrumb\":{\"@id\":\"https:\/\/joriarmengol.planetaries.cat\/sectors\/altres-sectors\/#breadcrumb\"},\"inLanguage\":\"es\",\"potentialAction\":[{\"@type\":\"ReadAction\",\"target\":[\"https:\/\/joriarmengol.planetaries.cat\/sectors\/altres-sectors\/\"]}]},{\"@type\":\"ImageObject\",\"inLanguage\":\"es\",\"@id\":\"https:\/\/joriarmengol.planetaries.cat\/sectors\/altres-sectors\/#primaryimage\",\"url\":\"https:\/\/joriarmengol.planetaries.cat\/wp-content\/uploads\/2026\/01\/iStock-2220590910-scaled.jpg\",\"contentUrl\":\"https:\/\/joriarmengol.planetaries.cat\/wp-content\/uploads\/2026\/01\/iStock-2220590910-scaled.jpg\",\"width\":2560,\"height\":1709,\"caption\":\"modern industrial factory for the production of electronic components - machinery, interior and equipment of the production hall\"},{\"@type\":\"BreadcrumbList\",\"@id\":\"https:\/\/joriarmengol.planetaries.cat\/sectors\/altres-sectors\/#breadcrumb\",\"itemListElement\":[{\"@type\":\"ListItem\",\"position\":1,\"name\":\"Portada\",\"item\":\"https:\/\/joriarmengol.planetaries.cat\/\"},{\"@type\":\"ListItem\",\"position\":2,\"name\":\"Sectors\",\"item\":\"https:\/\/joriarmengol.planetaries.cat\/es\/sectors\/\"},{\"@type\":\"ListItem\",\"position\":3,\"name\":\"Altres sectors\"}]},{\"@type\":\"WebSite\",\"@id\":\"https:\/\/joriarmengol.planetaries.cat\/#website\",\"url\":\"https:\/\/joriarmengol.planetaries.cat\/\",\"name\":\"Jori Armengol\",\"description\":\"Soluciones aseguradoras a medida\",\"potentialAction\":[{\"@type\":\"SearchAction\",\"target\":{\"@type\":\"EntryPoint\",\"urlTemplate\":\"https:\/\/joriarmengol.planetaries.cat\/?s={search_term_string}\"},\"query-input\":{\"@type\":\"PropertyValueSpecification\",\"valueRequired\":true,\"valueName\":\"search_term_string\"}}],\"inLanguage\":\"es\"}]}<\/script>\n<!-- \/ Yoast SEO plugin. -->","yoast_head_json":{"title":"Altres sectors - Jori Armengol","robots":{"index":"index","follow":"follow","max-snippet":"max-snippet:-1","max-image-preview":"max-image-preview:large","max-video-preview":"max-video-preview:-1"},"canonical":"https:\/\/joriarmengol.planetaries.cat\/es\/sectors\/altres-sectors\/","og_locale":"es_ES","og_type":"article","og_title":"Altres sectors - Jori Armengol","og_description":"A m\u00e9s dels sectors principals, APerez Instal\u00b7lacions tamb\u00e9 aporta solucions a espais com centres educatius, oficines corporatives, naus industrials i equipaments p\u00fablics. Cadascun d\u2019aquests \u00e0mbits exigeix una resposta t\u00e8cnica a mida, amb coneixement normatiu i capacitat de coordinaci\u00f3. Som experts en gestionar projectes amb calendaris ajustats, entorns actius o condicionants espec\u00edfics de seguretat, confort o [&hellip;]","og_url":"https:\/\/joriarmengol.planetaries.cat\/es\/sectors\/altres-sectors\/","og_site_name":"Jori Armengol","og_image":[{"width":2560,"height":1709,"url":"https:\/\/joriarmengol.planetaries.cat\/wp-content\/uploads\/2026\/01\/iStock-2220590910-scaled.jpg","type":"image\/jpeg"}],"twitter_card":"summary_large_image","twitter_misc":{"Tiempo de lectura":"1 minuto"},"schema":{"@context":"https:\/\/schema.org","@graph":[{"@type":"WebPage","@id":"https:\/\/joriarmengol.planetaries.cat\/sectors\/altres-sectors\/","url":"https:\/\/joriarmengol.planetaries.cat\/sectors\/altres-sectors\/","name":"Altres sectors - Jori Armengol","isPartOf":{"@id":"https:\/\/joriarmengol.planetaries.cat\/#website"},"primaryImageOfPage":{"@id":"https:\/\/joriarmengol.planetaries.cat\/sectors\/altres-sectors\/#primaryimage"},"image":{"@id":"https:\/\/joriarmengol.planetaries.cat\/sectors\/altres-sectors\/#primaryimage"},"thumbnailUrl":"https:\/\/joriarmengol.planetaries.cat\/wp-content\/uploads\/2026\/01\/iStock-2220590910-scaled.jpg","datePublished":"2026-01-21T10:35:50+00:00","breadcrumb":{"@id":"https:\/\/joriarmengol.planetaries.cat\/sectors\/altres-sectors\/#breadcrumb"},"inLanguage":"es","potentialAction":[{"@type":"ReadAction","target":["https:\/\/joriarmengol.planetaries.cat\/sectors\/altres-sectors\/"]}]},{"@type":"ImageObject","inLanguage":"es","@id":"https:\/\/joriarmengol.planetaries.cat\/sectors\/altres-sectors\/#primaryimage","url":"https:\/\/joriarmengol.planetaries.cat\/wp-content\/uploads\/2026\/01\/iStock-2220590910-scaled.jpg","contentUrl":"https:\/\/joriarmengol.planetaries.cat\/wp-content\/uploads\/2026\/01\/iStock-2220590910-scaled.jpg","width":2560,"height":1709,"caption":"modern industrial factory for the production of electronic components - machinery, interior and equipment of the production hall"},{"@type":"BreadcrumbList","@id":"https:\/\/joriarmengol.planetaries.cat\/sectors\/altres-sectors\/#breadcrumb","itemListElement":[{"@type":"ListItem","position":1,"name":"Portada","item":"https:\/\/joriarmengol.planetaries.cat\/"},{"@type":"ListItem","position":2,"name":"Sectors","item":"https:\/\/joriarmengol.planetaries.cat\/es\/sectors\/"},{"@type":"ListItem","position":3,"name":"Altres sectors"}]},{"@type":"WebSite","@id":"https:\/\/joriarmengol.planetaries.cat\/#website","url":"https:\/\/joriarmengol.planetaries.cat\/","name":"Jori Armengol","description":"Soluciones aseguradoras a medida","potentialAction":[{"@type":"SearchAction","target":{"@type":"EntryPoint","urlTemplate":"https:\/\/joriarmengol.planetaries.cat\/?s={search_term_string}"},"query-input":{"@type":"PropertyValueSpecification","valueRequired":true,"valueName":"search_term_string"}}],"inLanguage":"es"}]}},"_links":{"self":[{"href":"https:\/\/joriarmengol.planetaries.cat\/es\/wp-json\/wp\/v2\/pages\/701","targetHints":{"allow":["GET"]}}],"collection":[{"href":"https:\/\/joriarmengol.planetaries.cat\/es\/wp-json\/wp\/v2\/pages"}],"about":[{"href":"https:\/\/joriarmengol.planetaries.cat\/es\/wp-json\/wp\/v2\/types\/page"}],"author":[{"embeddable":true,"href":"https:\/\/joriarmengol.planetaries.cat\/es\/wp-json\/wp\/v2\/users\/2"}],"replies":[{"embeddable":true,"href":"https:\/\/joriarmengol.planetaries.cat\/es\/wp-json\/wp\/v2\/comments?post=701"}],"version-history":[{"count":1,"href":"https:\/\/joriarmengol.planetaries.cat\/es\/wp-json\/wp\/v2\/pages\/701\/revisions"}],"predecessor-version":[{"id":704,"href":"https:\/\/joriarmengol.planetaries.cat\/es\/wp-json\/wp\/v2\/pages\/701\/revisions\/704"}],"up":[{"embeddable":true,"href":"https:\/\/joriarmengol.planetaries.cat\/es\/wp-json\/wp\/v2\/pages\/641"}],"wp:featuredmedia":[{"embeddable":true,"href":"https:\/\/joriarmengol.planetaries.cat\/es\/wp-json\/wp\/v2\/media\/703"}],"wp:attachment":[{"href":"https:\/\/joriarmengol.planetaries.cat\/es\/wp-json\/wp\/v2\/media?parent=701"}],"curies":[{"name":"wp","href":"https:\/\/api.w.org\/{rel}","templated":true}]}}